{"id":3432,"date":"2019-04-08T15:29:17","date_gmt":"2019-04-08T13:29:17","guid":{"rendered":"https:\/\/www.burgeap.fr\/?page_id=3432"},"modified":"2019-10-03T14:51:41","modified_gmt":"2019-10-03T12:51:41","slug":"water-energy-urban-and-local-environment","status":"publish","type":"page","link":"https:\/\/www.ginger-burgeap.com\/en\/water-energy-urban-and-local-environment\/","title":{"rendered":"Water, Energy, Urban and Local Environment"},"content":{"rendered":"<div id=\"cs-content\" class=\"cs-content\"><\/div>\n","protected":false},"excerpt":{"rendered":"<p>&nbsp;Water, Energy, Urban and Local Environment HomeYou are a local authority, planning authority, private developer; you are seeking to design, develop or manage sustainable buildings, neighbourhoods, cities or regions; you want them to be perfectly integrated into their environment? Our multidisciplinary teams will offer comprehensive expertise and innovative technologies for water, air, soil and energy issues.Polluted sites managementWater ManagementEnergy and &#8230;<\/p>\n","protected":false},"author":1,"featured_media":0,"parent":0,"menu_order":0,"comment_status":"closed","ping_status":"closed","template":"template-blank-4.php","meta":{"footnotes":""},"class_list":["post-3432","page","type-page","status-publish","hentry","no-post-thumbnail"],"acf":[],"yoast_head":"<!-- This site is optimized with the Yoast SEO Premium plugin v27.3 (Yoast SEO v27.5) - https:\/\/yoast.com\/product\/yoast-seo-premium-wordpress\/ -->\n<title>Water, Energy, Urban and Local Environment - Burgeap<\/title>\n<meta name=\"robots\" content=\"index, follow, max-snippet:-1, max-image-preview:large, max-video-preview:-1\" \/>\n<link rel=\"canonical\" href=\"https:\/\/www.ginger-burgeap.com\/en\/water-energy-urban-and-local-environment\/\" \/>\n<meta property=\"og:locale\" content=\"en_US\" \/>\n<meta property=\"og:type\" content=\"article\" \/>\n<meta property=\"og:title\" content=\"Water, Energy, Urban and Local Environment\" \/>\n<meta property=\"og:description\" content=\"&nbsp;Water, Energy, Urban and Local Environment HomeYou are a local authority, planning authority, private developer; you are seeking to design, develop or manage sustainable buildings, neighbourhoods, cities or regions; you want them to be perfectly integrated into their environment? Our multidisciplinary teams will offer comprehensive expertise and innovative technologies for water, air, soil and energy issues.Polluted sites managementWater ManagementEnergy and ...\" \/>\n<meta property=\"og:url\" content=\"https:\/\/www.ginger-burgeap.com\/en\/water-energy-urban-and-local-environment\/\" \/>\n<meta property=\"og:site_name\" content=\"Burgeap\" \/>\n<meta property=\"article:modified_time\" content=\"2019-10-03T12:51:41+00:00\" \/>\n<meta name=\"twitter:card\" content=\"summary_large_image\" \/>\n<meta name=\"twitter:label1\" content=\"Est. reading time\" \/>\n\t<meta name=\"twitter:data1\" content=\"1 minute\" \/>\n<script type=\"application\/ld+json\" class=\"yoast-schema-graph\">{\"@context\":\"https:\\\/\\\/schema.org\",\"@graph\":[{\"@type\":\"WebPage\",\"@id\":\"https:\\\/\\\/www.ginger-burgeap.com\\\/en\\\/water-energy-urban-and-local-environment\\\/\",\"url\":\"https:\\\/\\\/www.ginger-burgeap.com\\\/en\\\/water-energy-urban-and-local-environment\\\/\",\"name\":\"Water, Energy, Urban and Local Environment - Burgeap\",\"isPartOf\":{\"@id\":\"https:\\\/\\\/www.ginger-burgeap.com\\\/en\\\/#website\"},\"datePublished\":\"2019-04-08T13:29:17+00:00\",\"dateModified\":\"2019-10-03T12:51:41+00:00\",\"breadcrumb\":{\"@id\":\"https:\\\/\\\/www.ginger-burgeap.com\\\/en\\\/water-energy-urban-and-local-environment\\\/#breadcrumb\"},\"inLanguage\":\"en-US\",\"potentialAction\":[{\"@type\":\"ReadAction\",\"target\":[\"https:\\\/\\\/www.ginger-burgeap.com\\\/en\\\/water-energy-urban-and-local-environment\\\/\"]}]},{\"@type\":\"BreadcrumbList\",\"@id\":\"https:\\\/\\\/www.ginger-burgeap.com\\\/en\\\/water-energy-urban-and-local-environment\\\/#breadcrumb\",\"itemListElement\":[{\"@type\":\"ListItem\",\"position\":1,\"name\":\"Accueil\",\"item\":\"https:\\\/\\\/www.ginger-burgeap.com\\\/en\\\/\"},{\"@type\":\"ListItem\",\"position\":2,\"name\":\"Water, Energy, Urban and Local Environment\"}]},{\"@type\":\"WebSite\",\"@id\":\"https:\\\/\\\/www.ginger-burgeap.com\\\/en\\\/#website\",\"url\":\"https:\\\/\\\/www.ginger-burgeap.com\\\/en\\\/\",\"name\":\"Burgeap\",\"description\":\"Bureau d&#039;\u00e9tudes sp\u00e9cialis\u00e9 en environnement\",\"potentialAction\":[{\"@type\":\"SearchAction\",\"target\":{\"@type\":\"EntryPoint\",\"urlTemplate\":\"https:\\\/\\\/www.ginger-burgeap.com\\\/en\\\/?s={search_term_string}\"},\"query-input\":{\"@type\":\"PropertyValueSpecification\",\"valueRequired\":true,\"valueName\":\"search_term_string\"}}],\"inLanguage\":\"en-US\"}]}<\/script>\n<!-- \/ Yoast SEO Premium plugin. -->","yoast_head_json":{"title":"Water, Energy, Urban and Local Environment - Burgeap","robots":{"index":"index","follow":"follow","max-snippet":"max-snippet:-1","max-image-preview":"max-image-preview:large","max-video-preview":"max-video-preview:-1"},"canonical":"https:\/\/www.ginger-burgeap.com\/en\/water-energy-urban-and-local-environment\/","og_locale":"en_US","og_type":"article","og_title":"Water, Energy, Urban and Local Environment","og_description":"&nbsp;Water, Energy, Urban and Local Environment HomeYou are a local authority, planning authority, private developer; you are seeking to design, develop or manage sustainable buildings, neighbourhoods, cities or regions; you want them to be perfectly integrated into their environment? Our multidisciplinary teams will offer comprehensive expertise and innovative technologies for water, air, soil and energy issues.Polluted sites managementWater ManagementEnergy and ...","og_url":"https:\/\/www.ginger-burgeap.com\/en\/water-energy-urban-and-local-environment\/","og_site_name":"Burgeap","article_modified_time":"2019-10-03T12:51:41+00:00","twitter_card":"summary_large_image","twitter_misc":{"Est. reading time":"1 minute"},"schema":{"@context":"https:\/\/schema.org","@graph":[{"@type":"WebPage","@id":"https:\/\/www.ginger-burgeap.com\/en\/water-energy-urban-and-local-environment\/","url":"https:\/\/www.ginger-burgeap.com\/en\/water-energy-urban-and-local-environment\/","name":"Water, Energy, Urban and Local Environment - Burgeap","isPartOf":{"@id":"https:\/\/www.ginger-burgeap.com\/en\/#website"},"datePublished":"2019-04-08T13:29:17+00:00","dateModified":"2019-10-03T12:51:41+00:00","breadcrumb":{"@id":"https:\/\/www.ginger-burgeap.com\/en\/water-energy-urban-and-local-environment\/#breadcrumb"},"inLanguage":"en-US","potentialAction":[{"@type":"ReadAction","target":["https:\/\/www.ginger-burgeap.com\/en\/water-energy-urban-and-local-environment\/"]}]},{"@type":"BreadcrumbList","@id":"https:\/\/www.ginger-burgeap.com\/en\/water-energy-urban-and-local-environment\/#breadcrumb","itemListElement":[{"@type":"ListItem","position":1,"name":"Accueil","item":"https:\/\/www.ginger-burgeap.com\/en\/"},{"@type":"ListItem","position":2,"name":"Water, Energy, Urban and Local Environment"}]},{"@type":"WebSite","@id":"https:\/\/www.ginger-burgeap.com\/en\/#website","url":"https:\/\/www.ginger-burgeap.com\/en\/","name":"Burgeap","description":"Bureau d&#039;\u00e9tudes sp\u00e9cialis\u00e9 en environnement","potentialAction":[{"@type":"SearchAction","target":{"@type":"EntryPoint","urlTemplate":"https:\/\/www.ginger-burgeap.com\/en\/?s={search_term_string}"},"query-input":{"@type":"PropertyValueSpecification","valueRequired":true,"valueName":"search_term_string"}}],"inLanguage":"en-US"}]}},"_links":{"self":[{"href":"https:\/\/www.ginger-burgeap.com\/en\/wp-json\/wp\/v2\/pages\/3432","targetHints":{"allow":["GET"]}}],"collection":[{"href":"https:\/\/www.ginger-burgeap.com\/en\/wp-json\/wp\/v2\/pages"}],"about":[{"href":"https:\/\/www.ginger-burgeap.com\/en\/wp-json\/wp\/v2\/types\/page"}],"author":[{"embeddable":true,"href":"https:\/\/www.ginger-burgeap.com\/en\/wp-json\/wp\/v2\/users\/1"}],"replies":[{"embeddable":true,"href":"https:\/\/www.ginger-burgeap.com\/en\/wp-json\/wp\/v2\/comments?post=3432"}],"version-history":[{"count":2,"href":"https:\/\/www.ginger-burgeap.com\/en\/wp-json\/wp\/v2\/pages\/3432\/revisions"}],"predecessor-version":[{"id":3434,"href":"https:\/\/www.ginger-burgeap.com\/en\/wp-json\/wp\/v2\/pages\/3432\/revisions\/3434"}],"wp:attachment":[{"href":"https:\/\/www.ginger-burgeap.com\/en\/wp-json\/wp\/v2\/media?parent=3432"}],"curies":[{"name":"wp","href":"https:\/\/api.w.org\/{rel}","templated":true}]}}