{"id":3483,"date":"2018-10-09T16:51:05","date_gmt":"2018-10-09T14:51:05","guid":{"rendered":"https:\/\/www.burgeap.fr\/company\/"},"modified":"2022-11-03T16:51:10","modified_gmt":"2022-11-03T15:51:10","slug":"la-societe","status":"publish","type":"page","link":"https:\/\/www.ginger-burgeap.com\/en\/la-societe\/","title":{"rendered":"COMPANY"},"content":{"rendered":"<div id=\"cs-content\" class=\"cs-content\"><\/div>\n","protected":false},"excerpt":{"rendered":"<p>&nbsp;Company Thanks to 350+ talented engineers and an internal Research and Development team, BURGEAP aims for technical excellence in environmental preservation, sustainable local and urban development, environmentally responsible businesses, and for energy transition. Building upon a historical and well-grounded know-how, the teams at BURGEAP have been inventing, designing and implementing practical solutions for sustainable development all over the world for &#8230;<\/p>\n","protected":false},"author":1,"featured_media":0,"parent":0,"menu_order":0,"comment_status":"closed","ping_status":"closed","template":"template-blank-4.php","meta":{"footnotes":""},"class_list":["post-3483","page","type-page","status-publish","hentry","no-post-thumbnail"],"acf":[],"yoast_head":"<!-- This site is optimized with the Yoast SEO Premium plugin v27.3 (Yoast SEO v27.5) - https:\/\/yoast.com\/product\/yoast-seo-premium-wordpress\/ -->\n<title>BURGEAP, les ing\u00e9nieurs de votre d\u00e9veloppement durable<\/title>\n<meta name=\"description\" content=\"BURGEAP, bureau d\u2019\u00e9tudes en environnement, depuis plus de 70 ans en France et \u00e0 l&#039;international. 350 ing\u00e9nieurs au service du d\u00e9veloppement durable.\" \/>\n<meta name=\"robots\" content=\"index, follow, max-snippet:-1, max-image-preview:large, max-video-preview:-1\" \/>\n<link rel=\"canonical\" href=\"https:\/\/www.ginger-burgeap.com\/en\/la-societe\/\" \/>\n<meta property=\"og:locale\" content=\"en_US\" \/>\n<meta property=\"og:type\" content=\"article\" \/>\n<meta property=\"og:title\" content=\"COMPANY\" \/>\n<meta property=\"og:description\" content=\"BURGEAP, bureau d\u2019\u00e9tudes en environnement, depuis plus de 70 ans en France et \u00e0 l&#039;international. 350 ing\u00e9nieurs au service du d\u00e9veloppement durable.\" \/>\n<meta property=\"og:url\" content=\"https:\/\/www.ginger-burgeap.com\/en\/la-societe\/\" \/>\n<meta property=\"og:site_name\" content=\"Burgeap\" \/>\n<meta property=\"article:modified_time\" content=\"2022-11-03T15:51:10+00:00\" \/>\n<meta name=\"twitter:card\" content=\"summary_large_image\" \/>\n<meta name=\"twitter:label1\" content=\"Est. reading time\" \/>\n\t<meta name=\"twitter:data1\" content=\"1 minute\" \/>\n<script type=\"application\/ld+json\" class=\"yoast-schema-graph\">{\"@context\":\"https:\\\/\\\/schema.org\",\"@graph\":[{\"@type\":\"WebPage\",\"@id\":\"https:\\\/\\\/www.ginger-burgeap.com\\\/en\\\/la-societe\\\/\",\"url\":\"https:\\\/\\\/www.ginger-burgeap.com\\\/en\\\/la-societe\\\/\",\"name\":\"BURGEAP, les ing\u00e9nieurs de votre d\u00e9veloppement durable\",\"isPartOf\":{\"@id\":\"https:\\\/\\\/www.ginger-burgeap.com\\\/en\\\/#website\"},\"datePublished\":\"2018-10-09T14:51:05+00:00\",\"dateModified\":\"2022-11-03T15:51:10+00:00\",\"description\":\"BURGEAP, bureau d\u2019\u00e9tudes en environnement, depuis plus de 70 ans en France et \u00e0 l'international. 350 ing\u00e9nieurs au service du d\u00e9veloppement durable.\",\"breadcrumb\":{\"@id\":\"https:\\\/\\\/www.ginger-burgeap.com\\\/en\\\/la-societe\\\/#breadcrumb\"},\"inLanguage\":\"en-US\",\"potentialAction\":[{\"@type\":\"ReadAction\",\"target\":[\"https:\\\/\\\/www.ginger-burgeap.com\\\/en\\\/la-societe\\\/\"]}]},{\"@type\":\"BreadcrumbList\",\"@id\":\"https:\\\/\\\/www.ginger-burgeap.com\\\/en\\\/la-societe\\\/#breadcrumb\",\"itemListElement\":[{\"@type\":\"ListItem\",\"position\":1,\"name\":\"Accueil\",\"item\":\"https:\\\/\\\/www.ginger-burgeap.com\\\/en\\\/\"},{\"@type\":\"ListItem\",\"position\":2,\"name\":\"COMPANY\"}]},{\"@type\":\"WebSite\",\"@id\":\"https:\\\/\\\/www.ginger-burgeap.com\\\/en\\\/#website\",\"url\":\"https:\\\/\\\/www.ginger-burgeap.com\\\/en\\\/\",\"name\":\"Burgeap\",\"description\":\"Bureau d&#039;\u00e9tudes sp\u00e9cialis\u00e9 en environnement\",\"potentialAction\":[{\"@type\":\"SearchAction\",\"target\":{\"@type\":\"EntryPoint\",\"urlTemplate\":\"https:\\\/\\\/www.ginger-burgeap.com\\\/en\\\/?s={search_term_string}\"},\"query-input\":{\"@type\":\"PropertyValueSpecification\",\"valueRequired\":true,\"valueName\":\"search_term_string\"}}],\"inLanguage\":\"en-US\"}]}<\/script>\n<!-- \/ Yoast SEO Premium plugin. -->","yoast_head_json":{"title":"BURGEAP, les ing\u00e9nieurs de votre d\u00e9veloppement durable","description":"BURGEAP, bureau d\u2019\u00e9tudes en environnement, depuis plus de 70 ans en France et \u00e0 l'international. 350 ing\u00e9nieurs au service du d\u00e9veloppement durable.","robots":{"index":"index","follow":"follow","max-snippet":"max-snippet:-1","max-image-preview":"max-image-preview:large","max-video-preview":"max-video-preview:-1"},"canonical":"https:\/\/www.ginger-burgeap.com\/en\/la-societe\/","og_locale":"en_US","og_type":"article","og_title":"COMPANY","og_description":"BURGEAP, bureau d\u2019\u00e9tudes en environnement, depuis plus de 70 ans en France et \u00e0 l'international. 350 ing\u00e9nieurs au service du d\u00e9veloppement durable.","og_url":"https:\/\/www.ginger-burgeap.com\/en\/la-societe\/","og_site_name":"Burgeap","article_modified_time":"2022-11-03T15:51:10+00:00","twitter_card":"summary_large_image","twitter_misc":{"Est. reading time":"1 minute"},"schema":{"@context":"https:\/\/schema.org","@graph":[{"@type":"WebPage","@id":"https:\/\/www.ginger-burgeap.com\/en\/la-societe\/","url":"https:\/\/www.ginger-burgeap.com\/en\/la-societe\/","name":"BURGEAP, les ing\u00e9nieurs de votre d\u00e9veloppement durable","isPartOf":{"@id":"https:\/\/www.ginger-burgeap.com\/en\/#website"},"datePublished":"2018-10-09T14:51:05+00:00","dateModified":"2022-11-03T15:51:10+00:00","description":"BURGEAP, bureau d\u2019\u00e9tudes en environnement, depuis plus de 70 ans en France et \u00e0 l'international. 350 ing\u00e9nieurs au service du d\u00e9veloppement durable.","breadcrumb":{"@id":"https:\/\/www.ginger-burgeap.com\/en\/la-societe\/#breadcrumb"},"inLanguage":"en-US","potentialAction":[{"@type":"ReadAction","target":["https:\/\/www.ginger-burgeap.com\/en\/la-societe\/"]}]},{"@type":"BreadcrumbList","@id":"https:\/\/www.ginger-burgeap.com\/en\/la-societe\/#breadcrumb","itemListElement":[{"@type":"ListItem","position":1,"name":"Accueil","item":"https:\/\/www.ginger-burgeap.com\/en\/"},{"@type":"ListItem","position":2,"name":"COMPANY"}]},{"@type":"WebSite","@id":"https:\/\/www.ginger-burgeap.com\/en\/#website","url":"https:\/\/www.ginger-burgeap.com\/en\/","name":"Burgeap","description":"Bureau d&#039;\u00e9tudes sp\u00e9cialis\u00e9 en environnement","potentialAction":[{"@type":"SearchAction","target":{"@type":"EntryPoint","urlTemplate":"https:\/\/www.ginger-burgeap.com\/en\/?s={search_term_string}"},"query-input":{"@type":"PropertyValueSpecification","valueRequired":true,"valueName":"search_term_string"}}],"inLanguage":"en-US"}]}},"_links":{"self":[{"href":"https:\/\/www.ginger-burgeap.com\/en\/wp-json\/wp\/v2\/pages\/3483","targetHints":{"allow":["GET"]}}],"collection":[{"href":"https:\/\/www.ginger-burgeap.com\/en\/wp-json\/wp\/v2\/pages"}],"about":[{"href":"https:\/\/www.ginger-burgeap.com\/en\/wp-json\/wp\/v2\/types\/page"}],"author":[{"embeddable":true,"href":"https:\/\/www.ginger-burgeap.com\/en\/wp-json\/wp\/v2\/users\/1"}],"replies":[{"embeddable":true,"href":"https:\/\/www.ginger-burgeap.com\/en\/wp-json\/wp\/v2\/comments?post=3483"}],"version-history":[{"count":21,"href":"https:\/\/www.ginger-burgeap.com\/en\/wp-json\/wp\/v2\/pages\/3483\/revisions"}],"predecessor-version":[{"id":5572,"href":"https:\/\/www.ginger-burgeap.com\/en\/wp-json\/wp\/v2\/pages\/3483\/revisions\/5572"}],"wp:attachment":[{"href":"https:\/\/www.ginger-burgeap.com\/en\/wp-json\/wp\/v2\/media?parent=3483"}],"curies":[{"name":"wp","href":"https:\/\/api.w.org\/{rel}","templated":true}]}}