{"id":3488,"date":"2019-04-12T15:45:38","date_gmt":"2019-04-12T13:45:38","guid":{"rendered":"https:\/\/www.burgeap.fr\/?page_id=3488"},"modified":"2022-10-05T15:12:28","modified_gmt":"2022-10-05T13:12:28","slug":"who-we-are","status":"publish","type":"page","link":"https:\/\/www.ginger-burgeap.com\/en\/la-societe\/who-we-are\/","title":{"rendered":"Who we are"},"content":{"rendered":"<div id=\"cs-content\" class=\"cs-content\"><\/div>\n","protected":false},"excerpt":{"rendered":"<p>Who we are HomeA human endeavor BURGEAP is an environmental consulting firm that has provided services internationally since 1947. BURGEAP is composed of a team of men and women passionate about their profession and attentive to their customers. We invite you to further understand BURGEAP through reading the Sagas (Saga 1\u00a0\u00a0(2003),\u00a0Saga 2 (2008), which illustrate and describe how reconciliation of &#8230;<\/p>\n","protected":false},"author":1,"featured_media":0,"parent":3483,"menu_order":0,"comment_status":"closed","ping_status":"closed","template":"template-blank-4.php","meta":{"footnotes":""},"class_list":["post-3488","page","type-page","status-publish","hentry","no-post-thumbnail"],"acf":[],"yoast_head":"<!-- This site is optimized with the Yoast SEO Premium plugin v27.3 (Yoast SEO v27.5) - https:\/\/yoast.com\/product\/yoast-seo-premium-wordpress\/ -->\n<title>Who we are - Burgeap<\/title>\n<meta name=\"robots\" content=\"index, follow, max-snippet:-1, max-image-preview:large, max-video-preview:-1\" \/>\n<link rel=\"canonical\" href=\"https:\/\/www.ginger-burgeap.com\/en\/la-societe\/who-we-are\/\" \/>\n<meta property=\"og:locale\" content=\"en_US\" \/>\n<meta property=\"og:type\" content=\"article\" \/>\n<meta property=\"og:title\" content=\"Who we are\" \/>\n<meta property=\"og:description\" content=\"Who we are HomeA human endeavor BURGEAP is an environmental consulting firm that has provided services internationally since 1947. BURGEAP is composed of a team of men and women passionate about their profession and attentive to their customers. We invite you to further understand BURGEAP through reading the Sagas (Saga 1\u00a0\u00a0(2003),\u00a0Saga 2 (2008), which illustrate and describe how reconciliation of ...\" \/>\n<meta property=\"og:url\" content=\"https:\/\/www.ginger-burgeap.com\/en\/la-societe\/who-we-are\/\" \/>\n<meta property=\"og:site_name\" content=\"Burgeap\" \/>\n<meta property=\"article:modified_time\" content=\"2022-10-05T13:12:28+00:00\" \/>\n<meta name=\"twitter:card\" content=\"summary_large_image\" \/>\n<meta name=\"twitter:label1\" content=\"Est. reading time\" \/>\n\t<meta name=\"twitter:data1\" content=\"1 minute\" \/>\n<script type=\"application\/ld+json\" class=\"yoast-schema-graph\">{\"@context\":\"https:\\\/\\\/schema.org\",\"@graph\":[{\"@type\":\"WebPage\",\"@id\":\"https:\\\/\\\/www.ginger-burgeap.com\\\/en\\\/la-societe\\\/who-we-are\\\/\",\"url\":\"https:\\\/\\\/www.ginger-burgeap.com\\\/en\\\/la-societe\\\/who-we-are\\\/\",\"name\":\"Who we are - Burgeap\",\"isPartOf\":{\"@id\":\"https:\\\/\\\/www.ginger-burgeap.com\\\/en\\\/#website\"},\"datePublished\":\"2019-04-12T13:45:38+00:00\",\"dateModified\":\"2022-10-05T13:12:28+00:00\",\"breadcrumb\":{\"@id\":\"https:\\\/\\\/www.ginger-burgeap.com\\\/en\\\/la-societe\\\/who-we-are\\\/#breadcrumb\"},\"inLanguage\":\"en-US\",\"potentialAction\":[{\"@type\":\"ReadAction\",\"target\":[\"https:\\\/\\\/www.ginger-burgeap.com\\\/en\\\/la-societe\\\/who-we-are\\\/\"]}]},{\"@type\":\"BreadcrumbList\",\"@id\":\"https:\\\/\\\/www.ginger-burgeap.com\\\/en\\\/la-societe\\\/who-we-are\\\/#breadcrumb\",\"itemListElement\":[{\"@type\":\"ListItem\",\"position\":1,\"name\":\"Accueil\",\"item\":\"https:\\\/\\\/www.ginger-burgeap.com\\\/en\\\/\"},{\"@type\":\"ListItem\",\"position\":2,\"name\":\"COMPANY\",\"item\":\"https:\\\/\\\/www.ginger-burgeap.com\\\/en\\\/la-societe\\\/\"},{\"@type\":\"ListItem\",\"position\":3,\"name\":\"Who we are\"}]},{\"@type\":\"WebSite\",\"@id\":\"https:\\\/\\\/www.ginger-burgeap.com\\\/en\\\/#website\",\"url\":\"https:\\\/\\\/www.ginger-burgeap.com\\\/en\\\/\",\"name\":\"Burgeap\",\"description\":\"Bureau d&#039;\u00e9tudes sp\u00e9cialis\u00e9 en environnement\",\"potentialAction\":[{\"@type\":\"SearchAction\",\"target\":{\"@type\":\"EntryPoint\",\"urlTemplate\":\"https:\\\/\\\/www.ginger-burgeap.com\\\/en\\\/?s={search_term_string}\"},\"query-input\":{\"@type\":\"PropertyValueSpecification\",\"valueRequired\":true,\"valueName\":\"search_term_string\"}}],\"inLanguage\":\"en-US\"}]}<\/script>\n<!-- \/ Yoast SEO Premium plugin. -->","yoast_head_json":{"title":"Who we are - Burgeap","robots":{"index":"index","follow":"follow","max-snippet":"max-snippet:-1","max-image-preview":"max-image-preview:large","max-video-preview":"max-video-preview:-1"},"canonical":"https:\/\/www.ginger-burgeap.com\/en\/la-societe\/who-we-are\/","og_locale":"en_US","og_type":"article","og_title":"Who we are","og_description":"Who we are HomeA human endeavor BURGEAP is an environmental consulting firm that has provided services internationally since 1947. BURGEAP is composed of a team of men and women passionate about their profession and attentive to their customers. We invite you to further understand BURGEAP through reading the Sagas (Saga 1\u00a0\u00a0(2003),\u00a0Saga 2 (2008), which illustrate and describe how reconciliation of ...","og_url":"https:\/\/www.ginger-burgeap.com\/en\/la-societe\/who-we-are\/","og_site_name":"Burgeap","article_modified_time":"2022-10-05T13:12:28+00:00","twitter_card":"summary_large_image","twitter_misc":{"Est. reading time":"1 minute"},"schema":{"@context":"https:\/\/schema.org","@graph":[{"@type":"WebPage","@id":"https:\/\/www.ginger-burgeap.com\/en\/la-societe\/who-we-are\/","url":"https:\/\/www.ginger-burgeap.com\/en\/la-societe\/who-we-are\/","name":"Who we are - Burgeap","isPartOf":{"@id":"https:\/\/www.ginger-burgeap.com\/en\/#website"},"datePublished":"2019-04-12T13:45:38+00:00","dateModified":"2022-10-05T13:12:28+00:00","breadcrumb":{"@id":"https:\/\/www.ginger-burgeap.com\/en\/la-societe\/who-we-are\/#breadcrumb"},"inLanguage":"en-US","potentialAction":[{"@type":"ReadAction","target":["https:\/\/www.ginger-burgeap.com\/en\/la-societe\/who-we-are\/"]}]},{"@type":"BreadcrumbList","@id":"https:\/\/www.ginger-burgeap.com\/en\/la-societe\/who-we-are\/#breadcrumb","itemListElement":[{"@type":"ListItem","position":1,"name":"Accueil","item":"https:\/\/www.ginger-burgeap.com\/en\/"},{"@type":"ListItem","position":2,"name":"COMPANY","item":"https:\/\/www.ginger-burgeap.com\/en\/la-societe\/"},{"@type":"ListItem","position":3,"name":"Who we are"}]},{"@type":"WebSite","@id":"https:\/\/www.ginger-burgeap.com\/en\/#website","url":"https:\/\/www.ginger-burgeap.com\/en\/","name":"Burgeap","description":"Bureau d&#039;\u00e9tudes sp\u00e9cialis\u00e9 en environnement","potentialAction":[{"@type":"SearchAction","target":{"@type":"EntryPoint","urlTemplate":"https:\/\/www.ginger-burgeap.com\/en\/?s={search_term_string}"},"query-input":{"@type":"PropertyValueSpecification","valueRequired":true,"valueName":"search_term_string"}}],"inLanguage":"en-US"}]}},"_links":{"self":[{"href":"https:\/\/www.ginger-burgeap.com\/en\/wp-json\/wp\/v2\/pages\/3488","targetHints":{"allow":["GET"]}}],"collection":[{"href":"https:\/\/www.ginger-burgeap.com\/en\/wp-json\/wp\/v2\/pages"}],"about":[{"href":"https:\/\/www.ginger-burgeap.com\/en\/wp-json\/wp\/v2\/types\/page"}],"author":[{"embeddable":true,"href":"https:\/\/www.ginger-burgeap.com\/en\/wp-json\/wp\/v2\/users\/1"}],"replies":[{"embeddable":true,"href":"https:\/\/www.ginger-burgeap.com\/en\/wp-json\/wp\/v2\/comments?post=3488"}],"version-history":[{"count":6,"href":"https:\/\/www.ginger-burgeap.com\/en\/wp-json\/wp\/v2\/pages\/3488\/revisions"}],"predecessor-version":[{"id":5550,"href":"https:\/\/www.ginger-burgeap.com\/en\/wp-json\/wp\/v2\/pages\/3488\/revisions\/5550"}],"up":[{"embeddable":true,"href":"https:\/\/www.ginger-burgeap.com\/en\/wp-json\/wp\/v2\/pages\/3483"}],"wp:attachment":[{"href":"https:\/\/www.ginger-burgeap.com\/en\/wp-json\/wp\/v2\/media?parent=3488"}],"curies":[{"name":"wp","href":"https:\/\/api.w.org\/{rel}","templated":true}]}}