{"id":3583,"date":"2019-04-17T18:05:21","date_gmt":"2019-04-17T16:05:21","guid":{"rendered":"https:\/\/www.burgeap.fr\/?page_id=3583"},"modified":"2019-08-20T17:28:47","modified_gmt":"2019-08-20T15:28:47","slug":"geothermal-energy","status":"publish","type":"page","link":"https:\/\/www.ginger-burgeap.com\/en\/water-energy-urban-and-local-environment\/geothermal-energy\/","title":{"rendered":"Geothermal energy"},"content":{"rendered":"<div id=\"cs-content\" class=\"cs-content\"><\/div>\n","protected":false},"excerpt":{"rendered":"<p>&nbsp;HomeGeothermal energy You wish to incorporate geothermal energy in your project; we support you in the initial decision, the design phase and its implementation. Thanks to our expertise we approach geothermal energy throughout its entire chain (from the initial decision and upstream guidance to expertise in modelling tools for complex projects) from underground engineering to thermodynamic production means. We cover &#8230;<\/p>\n","protected":false},"author":1,"featured_media":0,"parent":3432,"menu_order":0,"comment_status":"closed","ping_status":"closed","template":"template-blank-4.php","meta":{"footnotes":""},"class_list":["post-3583","page","type-page","status-publish","hentry","no-post-thumbnail"],"acf":[],"yoast_head":"<!-- This site is optimized with the Yoast SEO Premium plugin v27.3 (Yoast SEO v27.5) - https:\/\/yoast.com\/product\/yoast-seo-premium-wordpress\/ -->\n<title>Geothermal energy - Burgeap<\/title>\n<meta name=\"robots\" content=\"index, follow, max-snippet:-1, max-image-preview:large, max-video-preview:-1\" \/>\n<link rel=\"canonical\" href=\"https:\/\/www.ginger-burgeap.com\/en\/water-energy-urban-and-local-environment\/geothermal-energy\/\" \/>\n<meta property=\"og:locale\" content=\"en_US\" \/>\n<meta property=\"og:type\" content=\"article\" \/>\n<meta property=\"og:title\" content=\"Geothermal energy\" \/>\n<meta property=\"og:description\" content=\"&nbsp;HomeGeothermal energy You wish to incorporate geothermal energy in your project; we support you in the initial decision, the design phase and its implementation. Thanks to our expertise we approach geothermal energy throughout its entire chain (from the initial decision and upstream guidance to expertise in modelling tools for complex projects) from underground engineering to thermodynamic production means. We cover ...\" \/>\n<meta property=\"og:url\" content=\"https:\/\/www.ginger-burgeap.com\/en\/water-energy-urban-and-local-environment\/geothermal-energy\/\" \/>\n<meta property=\"og:site_name\" content=\"Burgeap\" \/>\n<meta property=\"article:modified_time\" content=\"2019-08-20T15:28:47+00:00\" \/>\n<meta name=\"twitter:card\" content=\"summary_large_image\" \/>\n<script type=\"application\/ld+json\" class=\"yoast-schema-graph\">{\"@context\":\"https:\\\/\\\/schema.org\",\"@graph\":[{\"@type\":\"WebPage\",\"@id\":\"https:\\\/\\\/www.ginger-burgeap.com\\\/en\\\/water-energy-urban-and-local-environment\\\/geothermal-energy\\\/\",\"url\":\"https:\\\/\\\/www.ginger-burgeap.com\\\/en\\\/water-energy-urban-and-local-environment\\\/geothermal-energy\\\/\",\"name\":\"Geothermal energy - Burgeap\",\"isPartOf\":{\"@id\":\"https:\\\/\\\/www.ginger-burgeap.com\\\/en\\\/#website\"},\"datePublished\":\"2019-04-17T16:05:21+00:00\",\"dateModified\":\"2019-08-20T15:28:47+00:00\",\"breadcrumb\":{\"@id\":\"https:\\\/\\\/www.ginger-burgeap.com\\\/en\\\/water-energy-urban-and-local-environment\\\/geothermal-energy\\\/#breadcrumb\"},\"inLanguage\":\"en-US\",\"potentialAction\":[{\"@type\":\"ReadAction\",\"target\":[\"https:\\\/\\\/www.ginger-burgeap.com\\\/en\\\/water-energy-urban-and-local-environment\\\/geothermal-energy\\\/\"]}]},{\"@type\":\"BreadcrumbList\",\"@id\":\"https:\\\/\\\/www.ginger-burgeap.com\\\/en\\\/water-energy-urban-and-local-environment\\\/geothermal-energy\\\/#breadcrumb\",\"itemListElement\":[{\"@type\":\"ListItem\",\"position\":1,\"name\":\"Accueil\",\"item\":\"https:\\\/\\\/www.ginger-burgeap.com\\\/en\\\/\"},{\"@type\":\"ListItem\",\"position\":2,\"name\":\"Water, Energy, Urban and Local Environment\",\"item\":\"https:\\\/\\\/www.ginger-burgeap.com\\\/en\\\/water-energy-urban-and-local-environment\\\/\"},{\"@type\":\"ListItem\",\"position\":3,\"name\":\"Geothermal energy\"}]},{\"@type\":\"WebSite\",\"@id\":\"https:\\\/\\\/www.ginger-burgeap.com\\\/en\\\/#website\",\"url\":\"https:\\\/\\\/www.ginger-burgeap.com\\\/en\\\/\",\"name\":\"Burgeap\",\"description\":\"Bureau d&#039;\u00e9tudes sp\u00e9cialis\u00e9 en environnement\",\"potentialAction\":[{\"@type\":\"SearchAction\",\"target\":{\"@type\":\"EntryPoint\",\"urlTemplate\":\"https:\\\/\\\/www.ginger-burgeap.com\\\/en\\\/?s={search_term_string}\"},\"query-input\":{\"@type\":\"PropertyValueSpecification\",\"valueRequired\":true,\"valueName\":\"search_term_string\"}}],\"inLanguage\":\"en-US\"}]}<\/script>\n<!-- \/ Yoast SEO Premium plugin. -->","yoast_head_json":{"title":"Geothermal energy - Burgeap","robots":{"index":"index","follow":"follow","max-snippet":"max-snippet:-1","max-image-preview":"max-image-preview:large","max-video-preview":"max-video-preview:-1"},"canonical":"https:\/\/www.ginger-burgeap.com\/en\/water-energy-urban-and-local-environment\/geothermal-energy\/","og_locale":"en_US","og_type":"article","og_title":"Geothermal energy","og_description":"&nbsp;HomeGeothermal energy You wish to incorporate geothermal energy in your project; we support you in the initial decision, the design phase and its implementation. Thanks to our expertise we approach geothermal energy throughout its entire chain (from the initial decision and upstream guidance to expertise in modelling tools for complex projects) from underground engineering to thermodynamic production means. We cover ...","og_url":"https:\/\/www.ginger-burgeap.com\/en\/water-energy-urban-and-local-environment\/geothermal-energy\/","og_site_name":"Burgeap","article_modified_time":"2019-08-20T15:28:47+00:00","twitter_card":"summary_large_image","schema":{"@context":"https:\/\/schema.org","@graph":[{"@type":"WebPage","@id":"https:\/\/www.ginger-burgeap.com\/en\/water-energy-urban-and-local-environment\/geothermal-energy\/","url":"https:\/\/www.ginger-burgeap.com\/en\/water-energy-urban-and-local-environment\/geothermal-energy\/","name":"Geothermal energy - Burgeap","isPartOf":{"@id":"https:\/\/www.ginger-burgeap.com\/en\/#website"},"datePublished":"2019-04-17T16:05:21+00:00","dateModified":"2019-08-20T15:28:47+00:00","breadcrumb":{"@id":"https:\/\/www.ginger-burgeap.com\/en\/water-energy-urban-and-local-environment\/geothermal-energy\/#breadcrumb"},"inLanguage":"en-US","potentialAction":[{"@type":"ReadAction","target":["https:\/\/www.ginger-burgeap.com\/en\/water-energy-urban-and-local-environment\/geothermal-energy\/"]}]},{"@type":"BreadcrumbList","@id":"https:\/\/www.ginger-burgeap.com\/en\/water-energy-urban-and-local-environment\/geothermal-energy\/#breadcrumb","itemListElement":[{"@type":"ListItem","position":1,"name":"Accueil","item":"https:\/\/www.ginger-burgeap.com\/en\/"},{"@type":"ListItem","position":2,"name":"Water, Energy, Urban and Local Environment","item":"https:\/\/www.ginger-burgeap.com\/en\/water-energy-urban-and-local-environment\/"},{"@type":"ListItem","position":3,"name":"Geothermal energy"}]},{"@type":"WebSite","@id":"https:\/\/www.ginger-burgeap.com\/en\/#website","url":"https:\/\/www.ginger-burgeap.com\/en\/","name":"Burgeap","description":"Bureau d&#039;\u00e9tudes sp\u00e9cialis\u00e9 en environnement","potentialAction":[{"@type":"SearchAction","target":{"@type":"EntryPoint","urlTemplate":"https:\/\/www.ginger-burgeap.com\/en\/?s={search_term_string}"},"query-input":{"@type":"PropertyValueSpecification","valueRequired":true,"valueName":"search_term_string"}}],"inLanguage":"en-US"}]}},"_links":{"self":[{"href":"https:\/\/www.ginger-burgeap.com\/en\/wp-json\/wp\/v2\/pages\/3583","targetHints":{"allow":["GET"]}}],"collection":[{"href":"https:\/\/www.ginger-burgeap.com\/en\/wp-json\/wp\/v2\/pages"}],"about":[{"href":"https:\/\/www.ginger-burgeap.com\/en\/wp-json\/wp\/v2\/types\/page"}],"author":[{"embeddable":true,"href":"https:\/\/www.ginger-burgeap.com\/en\/wp-json\/wp\/v2\/users\/1"}],"replies":[{"embeddable":true,"href":"https:\/\/www.ginger-burgeap.com\/en\/wp-json\/wp\/v2\/comments?post=3583"}],"version-history":[{"count":2,"href":"https:\/\/www.ginger-burgeap.com\/en\/wp-json\/wp\/v2\/pages\/3583\/revisions"}],"predecessor-version":[{"id":3585,"href":"https:\/\/www.ginger-burgeap.com\/en\/wp-json\/wp\/v2\/pages\/3583\/revisions\/3585"}],"up":[{"embeddable":true,"href":"https:\/\/www.ginger-burgeap.com\/en\/wp-json\/wp\/v2\/pages\/3432"}],"wp:attachment":[{"href":"https:\/\/www.ginger-burgeap.com\/en\/wp-json\/wp\/v2\/media?parent=3583"}],"curies":[{"name":"wp","href":"https:\/\/api.w.org\/{rel}","templated":true}]}}