{"id":3589,"date":"2019-04-17T18:17:36","date_gmt":"2019-04-17T16:17:36","guid":{"rendered":"https:\/\/www.burgeap.fr\/?page_id=3589"},"modified":"2019-08-20T17:47:50","modified_gmt":"2019-08-20T15:47:50","slug":"due-diligence-and-audit","status":"publish","type":"page","link":"https:\/\/www.ginger-burgeap.com\/en\/water-energy-urban-and-local-environment\/due-diligence-and-audit\/","title":{"rendered":"Due diligence and audit"},"content":{"rendered":"<div id=\"cs-content\" class=\"cs-content\"><\/div>\n","protected":false},"excerpt":{"rendered":"<p>&nbsp;HomeDue diligence and audit Widely recognized for its Environmental and Energy expertise, BURGEAP is able to assist you worldwide to assess the potential environmental risks of your current locations and during sale\/acquisition process (due diligence). We work on specific site\/building projects as well as on assets portfolios in a whole entity (acquisition\/transfer). In the context of these transactions, as well &#8230;<\/p>\n","protected":false},"author":1,"featured_media":0,"parent":3432,"menu_order":0,"comment_status":"closed","ping_status":"closed","template":"template-blank-4.php","meta":{"footnotes":""},"class_list":["post-3589","page","type-page","status-publish","hentry","no-post-thumbnail"],"acf":[],"yoast_head":"<!-- This site is optimized with the Yoast SEO Premium plugin v27.3 (Yoast SEO v27.5) - https:\/\/yoast.com\/product\/yoast-seo-premium-wordpress\/ -->\n<title>Due diligence and audit - Burgeap<\/title>\n<meta name=\"robots\" content=\"index, follow, max-snippet:-1, max-image-preview:large, max-video-preview:-1\" \/>\n<link rel=\"canonical\" href=\"https:\/\/www.ginger-burgeap.com\/en\/water-energy-urban-and-local-environment\/due-diligence-and-audit\/\" \/>\n<meta property=\"og:locale\" content=\"en_US\" \/>\n<meta property=\"og:type\" content=\"article\" \/>\n<meta property=\"og:title\" content=\"Due diligence and audit\" \/>\n<meta property=\"og:description\" content=\"&nbsp;HomeDue diligence and audit Widely recognized for its Environmental and Energy expertise, BURGEAP is able to assist you worldwide to assess the potential environmental risks of your current locations and during sale\/acquisition process (due diligence). We work on specific site\/building projects as well as on assets portfolios in a whole entity (acquisition\/transfer). In the context of these transactions, as well ...\" \/>\n<meta property=\"og:url\" content=\"https:\/\/www.ginger-burgeap.com\/en\/water-energy-urban-and-local-environment\/due-diligence-and-audit\/\" \/>\n<meta property=\"og:site_name\" content=\"Burgeap\" \/>\n<meta property=\"article:modified_time\" content=\"2019-08-20T15:47:50+00:00\" \/>\n<meta name=\"twitter:card\" content=\"summary_large_image\" \/>\n<meta name=\"twitter:label1\" content=\"Est. reading time\" \/>\n\t<meta name=\"twitter:data1\" content=\"1 minute\" \/>\n<script type=\"application\/ld+json\" class=\"yoast-schema-graph\">{\"@context\":\"https:\\\/\\\/schema.org\",\"@graph\":[{\"@type\":\"WebPage\",\"@id\":\"https:\\\/\\\/www.ginger-burgeap.com\\\/en\\\/water-energy-urban-and-local-environment\\\/due-diligence-and-audit\\\/\",\"url\":\"https:\\\/\\\/www.ginger-burgeap.com\\\/en\\\/water-energy-urban-and-local-environment\\\/due-diligence-and-audit\\\/\",\"name\":\"Due diligence and audit - Burgeap\",\"isPartOf\":{\"@id\":\"https:\\\/\\\/www.ginger-burgeap.com\\\/en\\\/#website\"},\"datePublished\":\"2019-04-17T16:17:36+00:00\",\"dateModified\":\"2019-08-20T15:47:50+00:00\",\"breadcrumb\":{\"@id\":\"https:\\\/\\\/www.ginger-burgeap.com\\\/en\\\/water-energy-urban-and-local-environment\\\/due-diligence-and-audit\\\/#breadcrumb\"},\"inLanguage\":\"en-US\",\"potentialAction\":[{\"@type\":\"ReadAction\",\"target\":[\"https:\\\/\\\/www.ginger-burgeap.com\\\/en\\\/water-energy-urban-and-local-environment\\\/due-diligence-and-audit\\\/\"]}]},{\"@type\":\"BreadcrumbList\",\"@id\":\"https:\\\/\\\/www.ginger-burgeap.com\\\/en\\\/water-energy-urban-and-local-environment\\\/due-diligence-and-audit\\\/#breadcrumb\",\"itemListElement\":[{\"@type\":\"ListItem\",\"position\":1,\"name\":\"Accueil\",\"item\":\"https:\\\/\\\/www.ginger-burgeap.com\\\/en\\\/\"},{\"@type\":\"ListItem\",\"position\":2,\"name\":\"Water, Energy, Urban and Local Environment\",\"item\":\"https:\\\/\\\/www.ginger-burgeap.com\\\/en\\\/water-energy-urban-and-local-environment\\\/\"},{\"@type\":\"ListItem\",\"position\":3,\"name\":\"Due diligence and audit\"}]},{\"@type\":\"WebSite\",\"@id\":\"https:\\\/\\\/www.ginger-burgeap.com\\\/en\\\/#website\",\"url\":\"https:\\\/\\\/www.ginger-burgeap.com\\\/en\\\/\",\"name\":\"Burgeap\",\"description\":\"Bureau d&#039;\u00e9tudes sp\u00e9cialis\u00e9 en environnement\",\"potentialAction\":[{\"@type\":\"SearchAction\",\"target\":{\"@type\":\"EntryPoint\",\"urlTemplate\":\"https:\\\/\\\/www.ginger-burgeap.com\\\/en\\\/?s={search_term_string}\"},\"query-input\":{\"@type\":\"PropertyValueSpecification\",\"valueRequired\":true,\"valueName\":\"search_term_string\"}}],\"inLanguage\":\"en-US\"}]}<\/script>\n<!-- \/ Yoast SEO Premium plugin. -->","yoast_head_json":{"title":"Due diligence and audit - Burgeap","robots":{"index":"index","follow":"follow","max-snippet":"max-snippet:-1","max-image-preview":"max-image-preview:large","max-video-preview":"max-video-preview:-1"},"canonical":"https:\/\/www.ginger-burgeap.com\/en\/water-energy-urban-and-local-environment\/due-diligence-and-audit\/","og_locale":"en_US","og_type":"article","og_title":"Due diligence and audit","og_description":"&nbsp;HomeDue diligence and audit Widely recognized for its Environmental and Energy expertise, BURGEAP is able to assist you worldwide to assess the potential environmental risks of your current locations and during sale\/acquisition process (due diligence). We work on specific site\/building projects as well as on assets portfolios in a whole entity (acquisition\/transfer). In the context of these transactions, as well ...","og_url":"https:\/\/www.ginger-burgeap.com\/en\/water-energy-urban-and-local-environment\/due-diligence-and-audit\/","og_site_name":"Burgeap","article_modified_time":"2019-08-20T15:47:50+00:00","twitter_card":"summary_large_image","twitter_misc":{"Est. reading time":"1 minute"},"schema":{"@context":"https:\/\/schema.org","@graph":[{"@type":"WebPage","@id":"https:\/\/www.ginger-burgeap.com\/en\/water-energy-urban-and-local-environment\/due-diligence-and-audit\/","url":"https:\/\/www.ginger-burgeap.com\/en\/water-energy-urban-and-local-environment\/due-diligence-and-audit\/","name":"Due diligence and audit - Burgeap","isPartOf":{"@id":"https:\/\/www.ginger-burgeap.com\/en\/#website"},"datePublished":"2019-04-17T16:17:36+00:00","dateModified":"2019-08-20T15:47:50+00:00","breadcrumb":{"@id":"https:\/\/www.ginger-burgeap.com\/en\/water-energy-urban-and-local-environment\/due-diligence-and-audit\/#breadcrumb"},"inLanguage":"en-US","potentialAction":[{"@type":"ReadAction","target":["https:\/\/www.ginger-burgeap.com\/en\/water-energy-urban-and-local-environment\/due-diligence-and-audit\/"]}]},{"@type":"BreadcrumbList","@id":"https:\/\/www.ginger-burgeap.com\/en\/water-energy-urban-and-local-environment\/due-diligence-and-audit\/#breadcrumb","itemListElement":[{"@type":"ListItem","position":1,"name":"Accueil","item":"https:\/\/www.ginger-burgeap.com\/en\/"},{"@type":"ListItem","position":2,"name":"Water, Energy, Urban and Local Environment","item":"https:\/\/www.ginger-burgeap.com\/en\/water-energy-urban-and-local-environment\/"},{"@type":"ListItem","position":3,"name":"Due diligence and audit"}]},{"@type":"WebSite","@id":"https:\/\/www.ginger-burgeap.com\/en\/#website","url":"https:\/\/www.ginger-burgeap.com\/en\/","name":"Burgeap","description":"Bureau d&#039;\u00e9tudes sp\u00e9cialis\u00e9 en environnement","potentialAction":[{"@type":"SearchAction","target":{"@type":"EntryPoint","urlTemplate":"https:\/\/www.ginger-burgeap.com\/en\/?s={search_term_string}"},"query-input":{"@type":"PropertyValueSpecification","valueRequired":true,"valueName":"search_term_string"}}],"inLanguage":"en-US"}]}},"_links":{"self":[{"href":"https:\/\/www.ginger-burgeap.com\/en\/wp-json\/wp\/v2\/pages\/3589","targetHints":{"allow":["GET"]}}],"collection":[{"href":"https:\/\/www.ginger-burgeap.com\/en\/wp-json\/wp\/v2\/pages"}],"about":[{"href":"https:\/\/www.ginger-burgeap.com\/en\/wp-json\/wp\/v2\/types\/page"}],"author":[{"embeddable":true,"href":"https:\/\/www.ginger-burgeap.com\/en\/wp-json\/wp\/v2\/users\/1"}],"replies":[{"embeddable":true,"href":"https:\/\/www.ginger-burgeap.com\/en\/wp-json\/wp\/v2\/comments?post=3589"}],"version-history":[{"count":3,"href":"https:\/\/www.ginger-burgeap.com\/en\/wp-json\/wp\/v2\/pages\/3589\/revisions"}],"predecessor-version":[{"id":4012,"href":"https:\/\/www.ginger-burgeap.com\/en\/wp-json\/wp\/v2\/pages\/3589\/revisions\/4012"}],"up":[{"embeddable":true,"href":"https:\/\/www.ginger-burgeap.com\/en\/wp-json\/wp\/v2\/pages\/3432"}],"wp:attachment":[{"href":"https:\/\/www.ginger-burgeap.com\/en\/wp-json\/wp\/v2\/media?parent=3589"}],"curies":[{"name":"wp","href":"https:\/\/api.w.org\/{rel}","templated":true}]}}