{"id":3605,"date":"2019-04-18T11:12:10","date_gmt":"2019-04-18T09:12:10","guid":{"rendered":"https:\/\/www.burgeap.fr\/?page_id=3605"},"modified":"2019-08-28T17:34:29","modified_gmt":"2019-08-28T15:34:29","slug":"air-quality-and-odour-nuisance","status":"publish","type":"page","link":"https:\/\/www.ginger-burgeap.com\/en\/industrial-environment\/air-quality-and-odour-nuisance\/","title":{"rendered":"Air quality and odour nuisance"},"content":{"rendered":"<div id=\"cs-content\" class=\"cs-content\"><\/div>\n","protected":false},"excerpt":{"rendered":"<p>&nbsp;HomeAir pollution and odour nuisance BURGEAP helps you in your impact control on air quality at every stage of your industrial project: Emission diagnosis Characterisation of the impact on air quality by metrology or atmospheric dispersion modelling Recommendations for reducing atmospheric emissions. Emission characterisation Know to master !&nbsp;BURGEAP has a real expertise to quantify diffuse industrial emissions, whether they are &#8230;<\/p>\n","protected":false},"author":1,"featured_media":0,"parent":3440,"menu_order":0,"comment_status":"closed","ping_status":"closed","template":"template-blank-4.php","meta":{"footnotes":""},"class_list":["post-3605","page","type-page","status-publish","hentry","no-post-thumbnail"],"acf":[],"yoast_head":"<!-- This site is optimized with the Yoast SEO Premium plugin v27.3 (Yoast SEO v27.5) - https:\/\/yoast.com\/product\/yoast-seo-premium-wordpress\/ -->\n<title>Air quality and odour nuisance - Burgeap<\/title>\n<meta name=\"robots\" content=\"index, follow, max-snippet:-1, max-image-preview:large, max-video-preview:-1\" \/>\n<link rel=\"canonical\" href=\"https:\/\/www.ginger-burgeap.com\/en\/industrial-environment\/air-quality-and-odour-nuisance\/\" \/>\n<meta property=\"og:locale\" content=\"en_US\" \/>\n<meta property=\"og:type\" content=\"article\" \/>\n<meta property=\"og:title\" content=\"Air quality and odour nuisance\" \/>\n<meta property=\"og:description\" content=\"&nbsp;HomeAir pollution and odour nuisance BURGEAP helps you in your impact control on air quality at every stage of your industrial project: Emission diagnosis Characterisation of the impact on air quality by metrology or atmospheric dispersion modelling Recommendations for reducing atmospheric emissions. Emission characterisation Know to master !&nbsp;BURGEAP has a real expertise to quantify diffuse industrial emissions, whether they are ...\" \/>\n<meta property=\"og:url\" content=\"https:\/\/www.ginger-burgeap.com\/en\/industrial-environment\/air-quality-and-odour-nuisance\/\" \/>\n<meta property=\"og:site_name\" content=\"Burgeap\" \/>\n<meta property=\"article:modified_time\" content=\"2019-08-28T15:34:29+00:00\" \/>\n<meta name=\"twitter:card\" content=\"summary_large_image\" \/>\n<meta name=\"twitter:label1\" content=\"Est. reading time\" \/>\n\t<meta name=\"twitter:data1\" content=\"1 minute\" \/>\n<script type=\"application\/ld+json\" class=\"yoast-schema-graph\">{\"@context\":\"https:\\\/\\\/schema.org\",\"@graph\":[{\"@type\":\"WebPage\",\"@id\":\"https:\\\/\\\/www.ginger-burgeap.com\\\/en\\\/industrial-environment\\\/air-quality-and-odour-nuisance\\\/\",\"url\":\"https:\\\/\\\/www.ginger-burgeap.com\\\/en\\\/industrial-environment\\\/air-quality-and-odour-nuisance\\\/\",\"name\":\"Air quality and odour nuisance - Burgeap\",\"isPartOf\":{\"@id\":\"https:\\\/\\\/www.ginger-burgeap.com\\\/en\\\/#website\"},\"datePublished\":\"2019-04-18T09:12:10+00:00\",\"dateModified\":\"2019-08-28T15:34:29+00:00\",\"breadcrumb\":{\"@id\":\"https:\\\/\\\/www.ginger-burgeap.com\\\/en\\\/industrial-environment\\\/air-quality-and-odour-nuisance\\\/#breadcrumb\"},\"inLanguage\":\"en-US\",\"potentialAction\":[{\"@type\":\"ReadAction\",\"target\":[\"https:\\\/\\\/www.ginger-burgeap.com\\\/en\\\/industrial-environment\\\/air-quality-and-odour-nuisance\\\/\"]}]},{\"@type\":\"BreadcrumbList\",\"@id\":\"https:\\\/\\\/www.ginger-burgeap.com\\\/en\\\/industrial-environment\\\/air-quality-and-odour-nuisance\\\/#breadcrumb\",\"itemListElement\":[{\"@type\":\"ListItem\",\"position\":1,\"name\":\"Accueil\",\"item\":\"https:\\\/\\\/www.ginger-burgeap.com\\\/en\\\/\"},{\"@type\":\"ListItem\",\"position\":2,\"name\":\"Industrial Environment\",\"item\":\"https:\\\/\\\/www.ginger-burgeap.com\\\/en\\\/industrial-environment\\\/\"},{\"@type\":\"ListItem\",\"position\":3,\"name\":\"Air quality and odour nuisance\"}]},{\"@type\":\"WebSite\",\"@id\":\"https:\\\/\\\/www.ginger-burgeap.com\\\/en\\\/#website\",\"url\":\"https:\\\/\\\/www.ginger-burgeap.com\\\/en\\\/\",\"name\":\"Burgeap\",\"description\":\"Bureau d&#039;\u00e9tudes sp\u00e9cialis\u00e9 en environnement\",\"potentialAction\":[{\"@type\":\"SearchAction\",\"target\":{\"@type\":\"EntryPoint\",\"urlTemplate\":\"https:\\\/\\\/www.ginger-burgeap.com\\\/en\\\/?s={search_term_string}\"},\"query-input\":{\"@type\":\"PropertyValueSpecification\",\"valueRequired\":true,\"valueName\":\"search_term_string\"}}],\"inLanguage\":\"en-US\"}]}<\/script>\n<!-- \/ Yoast SEO Premium plugin. -->","yoast_head_json":{"title":"Air quality and odour nuisance - Burgeap","robots":{"index":"index","follow":"follow","max-snippet":"max-snippet:-1","max-image-preview":"max-image-preview:large","max-video-preview":"max-video-preview:-1"},"canonical":"https:\/\/www.ginger-burgeap.com\/en\/industrial-environment\/air-quality-and-odour-nuisance\/","og_locale":"en_US","og_type":"article","og_title":"Air quality and odour nuisance","og_description":"&nbsp;HomeAir pollution and odour nuisance BURGEAP helps you in your impact control on air quality at every stage of your industrial project: Emission diagnosis Characterisation of the impact on air quality by metrology or atmospheric dispersion modelling Recommendations for reducing atmospheric emissions. Emission characterisation Know to master !&nbsp;BURGEAP has a real expertise to quantify diffuse industrial emissions, whether they are ...","og_url":"https:\/\/www.ginger-burgeap.com\/en\/industrial-environment\/air-quality-and-odour-nuisance\/","og_site_name":"Burgeap","article_modified_time":"2019-08-28T15:34:29+00:00","twitter_card":"summary_large_image","twitter_misc":{"Est. reading time":"1 minute"},"schema":{"@context":"https:\/\/schema.org","@graph":[{"@type":"WebPage","@id":"https:\/\/www.ginger-burgeap.com\/en\/industrial-environment\/air-quality-and-odour-nuisance\/","url":"https:\/\/www.ginger-burgeap.com\/en\/industrial-environment\/air-quality-and-odour-nuisance\/","name":"Air quality and odour nuisance - Burgeap","isPartOf":{"@id":"https:\/\/www.ginger-burgeap.com\/en\/#website"},"datePublished":"2019-04-18T09:12:10+00:00","dateModified":"2019-08-28T15:34:29+00:00","breadcrumb":{"@id":"https:\/\/www.ginger-burgeap.com\/en\/industrial-environment\/air-quality-and-odour-nuisance\/#breadcrumb"},"inLanguage":"en-US","potentialAction":[{"@type":"ReadAction","target":["https:\/\/www.ginger-burgeap.com\/en\/industrial-environment\/air-quality-and-odour-nuisance\/"]}]},{"@type":"BreadcrumbList","@id":"https:\/\/www.ginger-burgeap.com\/en\/industrial-environment\/air-quality-and-odour-nuisance\/#breadcrumb","itemListElement":[{"@type":"ListItem","position":1,"name":"Accueil","item":"https:\/\/www.ginger-burgeap.com\/en\/"},{"@type":"ListItem","position":2,"name":"Industrial Environment","item":"https:\/\/www.ginger-burgeap.com\/en\/industrial-environment\/"},{"@type":"ListItem","position":3,"name":"Air quality and odour nuisance"}]},{"@type":"WebSite","@id":"https:\/\/www.ginger-burgeap.com\/en\/#website","url":"https:\/\/www.ginger-burgeap.com\/en\/","name":"Burgeap","description":"Bureau d&#039;\u00e9tudes sp\u00e9cialis\u00e9 en environnement","potentialAction":[{"@type":"SearchAction","target":{"@type":"EntryPoint","urlTemplate":"https:\/\/www.ginger-burgeap.com\/en\/?s={search_term_string}"},"query-input":{"@type":"PropertyValueSpecification","valueRequired":true,"valueName":"search_term_string"}}],"inLanguage":"en-US"}]}},"_links":{"self":[{"href":"https:\/\/www.ginger-burgeap.com\/en\/wp-json\/wp\/v2\/pages\/3605","targetHints":{"allow":["GET"]}}],"collection":[{"href":"https:\/\/www.ginger-burgeap.com\/en\/wp-json\/wp\/v2\/pages"}],"about":[{"href":"https:\/\/www.ginger-burgeap.com\/en\/wp-json\/wp\/v2\/types\/page"}],"author":[{"embeddable":true,"href":"https:\/\/www.ginger-burgeap.com\/en\/wp-json\/wp\/v2\/users\/1"}],"replies":[{"embeddable":true,"href":"https:\/\/www.ginger-burgeap.com\/en\/wp-json\/wp\/v2\/comments?post=3605"}],"version-history":[{"count":3,"href":"https:\/\/www.ginger-burgeap.com\/en\/wp-json\/wp\/v2\/pages\/3605\/revisions"}],"predecessor-version":[{"id":3711,"href":"https:\/\/www.ginger-burgeap.com\/en\/wp-json\/wp\/v2\/pages\/3605\/revisions\/3711"}],"up":[{"embeddable":true,"href":"https:\/\/www.ginger-burgeap.com\/en\/wp-json\/wp\/v2\/pages\/3440"}],"wp:attachment":[{"href":"https:\/\/www.ginger-burgeap.com\/en\/wp-json\/wp\/v2\/media?parent=3605"}],"curies":[{"name":"wp","href":"https:\/\/api.w.org\/{rel}","templated":true}]}}