{"id":3611,"date":"2019-04-18T12:22:18","date_gmt":"2019-04-18T10:22:18","guid":{"rendered":"https:\/\/www.burgeap.fr\/?page_id=3611"},"modified":"2019-08-28T17:45:45","modified_gmt":"2019-08-28T15:45:45","slug":"industrial-water-management","status":"publish","type":"page","link":"https:\/\/www.ginger-burgeap.com\/en\/industrial-environment\/industrial-water-management\/","title":{"rendered":"Industrial Water Management"},"content":{"rendered":"<div id=\"cs-content\" class=\"cs-content\"><\/div>\n","protected":false},"excerpt":{"rendered":"<p>&nbsp;HomeWater Management Chronic or accidental water pollution The fight against accidental surface water pollution, likely to be generated by the activities of industrial sites, is a major water policy objective. BURGEAP assists you to assess this risk and guides you in your compliance process. Site vulnerability to accidental pollution Deciphering local or national regulations governing your installation (municipal sewerage regulation, &#8230;<\/p>\n","protected":false},"author":1,"featured_media":0,"parent":3440,"menu_order":0,"comment_status":"closed","ping_status":"closed","template":"template-blank-4.php","meta":{"footnotes":""},"class_list":["post-3611","page","type-page","status-publish","hentry","no-post-thumbnail"],"acf":[],"yoast_head":"<!-- This site is optimized with the Yoast SEO Premium plugin v27.3 (Yoast SEO v27.5) - https:\/\/yoast.com\/product\/yoast-seo-premium-wordpress\/ -->\n<title>Industrial Water Management - Burgeap<\/title>\n<meta name=\"robots\" content=\"index, follow, max-snippet:-1, max-image-preview:large, max-video-preview:-1\" \/>\n<link rel=\"canonical\" href=\"https:\/\/www.ginger-burgeap.com\/en\/industrial-environment\/industrial-water-management\/\" \/>\n<meta property=\"og:locale\" content=\"en_US\" \/>\n<meta property=\"og:type\" content=\"article\" \/>\n<meta property=\"og:title\" content=\"Industrial Water Management\" \/>\n<meta property=\"og:description\" content=\"&nbsp;HomeWater Management Chronic or accidental water pollution The fight against accidental surface water pollution, likely to be generated by the activities of industrial sites, is a major water policy objective. BURGEAP assists you to assess this risk and guides you in your compliance process. Site vulnerability to accidental pollution Deciphering local or national regulations governing your installation (municipal sewerage regulation, ...\" \/>\n<meta property=\"og:url\" content=\"https:\/\/www.ginger-burgeap.com\/en\/industrial-environment\/industrial-water-management\/\" \/>\n<meta property=\"og:site_name\" content=\"Burgeap\" \/>\n<meta property=\"article:modified_time\" content=\"2019-08-28T15:45:45+00:00\" \/>\n<meta name=\"twitter:card\" content=\"summary_large_image\" \/>\n<script type=\"application\/ld+json\" class=\"yoast-schema-graph\">{\"@context\":\"https:\\\/\\\/schema.org\",\"@graph\":[{\"@type\":\"WebPage\",\"@id\":\"https:\\\/\\\/www.ginger-burgeap.com\\\/en\\\/industrial-environment\\\/industrial-water-management\\\/\",\"url\":\"https:\\\/\\\/www.ginger-burgeap.com\\\/en\\\/industrial-environment\\\/industrial-water-management\\\/\",\"name\":\"Industrial Water Management - Burgeap\",\"isPartOf\":{\"@id\":\"https:\\\/\\\/www.ginger-burgeap.com\\\/en\\\/#website\"},\"datePublished\":\"2019-04-18T10:22:18+00:00\",\"dateModified\":\"2019-08-28T15:45:45+00:00\",\"breadcrumb\":{\"@id\":\"https:\\\/\\\/www.ginger-burgeap.com\\\/en\\\/industrial-environment\\\/industrial-water-management\\\/#breadcrumb\"},\"inLanguage\":\"en-US\",\"potentialAction\":[{\"@type\":\"ReadAction\",\"target\":[\"https:\\\/\\\/www.ginger-burgeap.com\\\/en\\\/industrial-environment\\\/industrial-water-management\\\/\"]}]},{\"@type\":\"BreadcrumbList\",\"@id\":\"https:\\\/\\\/www.ginger-burgeap.com\\\/en\\\/industrial-environment\\\/industrial-water-management\\\/#breadcrumb\",\"itemListElement\":[{\"@type\":\"ListItem\",\"position\":1,\"name\":\"Accueil\",\"item\":\"https:\\\/\\\/www.ginger-burgeap.com\\\/en\\\/\"},{\"@type\":\"ListItem\",\"position\":2,\"name\":\"Industrial Environment\",\"item\":\"https:\\\/\\\/www.ginger-burgeap.com\\\/en\\\/industrial-environment\\\/\"},{\"@type\":\"ListItem\",\"position\":3,\"name\":\"Industrial Water Management\"}]},{\"@type\":\"WebSite\",\"@id\":\"https:\\\/\\\/www.ginger-burgeap.com\\\/en\\\/#website\",\"url\":\"https:\\\/\\\/www.ginger-burgeap.com\\\/en\\\/\",\"name\":\"Burgeap\",\"description\":\"Bureau d&#039;\u00e9tudes sp\u00e9cialis\u00e9 en environnement\",\"potentialAction\":[{\"@type\":\"SearchAction\",\"target\":{\"@type\":\"EntryPoint\",\"urlTemplate\":\"https:\\\/\\\/www.ginger-burgeap.com\\\/en\\\/?s={search_term_string}\"},\"query-input\":{\"@type\":\"PropertyValueSpecification\",\"valueRequired\":true,\"valueName\":\"search_term_string\"}}],\"inLanguage\":\"en-US\"}]}<\/script>\n<!-- \/ Yoast SEO Premium plugin. -->","yoast_head_json":{"title":"Industrial Water Management - Burgeap","robots":{"index":"index","follow":"follow","max-snippet":"max-snippet:-1","max-image-preview":"max-image-preview:large","max-video-preview":"max-video-preview:-1"},"canonical":"https:\/\/www.ginger-burgeap.com\/en\/industrial-environment\/industrial-water-management\/","og_locale":"en_US","og_type":"article","og_title":"Industrial Water Management","og_description":"&nbsp;HomeWater Management Chronic or accidental water pollution The fight against accidental surface water pollution, likely to be generated by the activities of industrial sites, is a major water policy objective. BURGEAP assists you to assess this risk and guides you in your compliance process. Site vulnerability to accidental pollution Deciphering local or national regulations governing your installation (municipal sewerage regulation, ...","og_url":"https:\/\/www.ginger-burgeap.com\/en\/industrial-environment\/industrial-water-management\/","og_site_name":"Burgeap","article_modified_time":"2019-08-28T15:45:45+00:00","twitter_card":"summary_large_image","schema":{"@context":"https:\/\/schema.org","@graph":[{"@type":"WebPage","@id":"https:\/\/www.ginger-burgeap.com\/en\/industrial-environment\/industrial-water-management\/","url":"https:\/\/www.ginger-burgeap.com\/en\/industrial-environment\/industrial-water-management\/","name":"Industrial Water Management - Burgeap","isPartOf":{"@id":"https:\/\/www.ginger-burgeap.com\/en\/#website"},"datePublished":"2019-04-18T10:22:18+00:00","dateModified":"2019-08-28T15:45:45+00:00","breadcrumb":{"@id":"https:\/\/www.ginger-burgeap.com\/en\/industrial-environment\/industrial-water-management\/#breadcrumb"},"inLanguage":"en-US","potentialAction":[{"@type":"ReadAction","target":["https:\/\/www.ginger-burgeap.com\/en\/industrial-environment\/industrial-water-management\/"]}]},{"@type":"BreadcrumbList","@id":"https:\/\/www.ginger-burgeap.com\/en\/industrial-environment\/industrial-water-management\/#breadcrumb","itemListElement":[{"@type":"ListItem","position":1,"name":"Accueil","item":"https:\/\/www.ginger-burgeap.com\/en\/"},{"@type":"ListItem","position":2,"name":"Industrial Environment","item":"https:\/\/www.ginger-burgeap.com\/en\/industrial-environment\/"},{"@type":"ListItem","position":3,"name":"Industrial Water Management"}]},{"@type":"WebSite","@id":"https:\/\/www.ginger-burgeap.com\/en\/#website","url":"https:\/\/www.ginger-burgeap.com\/en\/","name":"Burgeap","description":"Bureau d&#039;\u00e9tudes sp\u00e9cialis\u00e9 en environnement","potentialAction":[{"@type":"SearchAction","target":{"@type":"EntryPoint","urlTemplate":"https:\/\/www.ginger-burgeap.com\/en\/?s={search_term_string}"},"query-input":{"@type":"PropertyValueSpecification","valueRequired":true,"valueName":"search_term_string"}}],"inLanguage":"en-US"}]}},"_links":{"self":[{"href":"https:\/\/www.ginger-burgeap.com\/en\/wp-json\/wp\/v2\/pages\/3611","targetHints":{"allow":["GET"]}}],"collection":[{"href":"https:\/\/www.ginger-burgeap.com\/en\/wp-json\/wp\/v2\/pages"}],"about":[{"href":"https:\/\/www.ginger-burgeap.com\/en\/wp-json\/wp\/v2\/types\/page"}],"author":[{"embeddable":true,"href":"https:\/\/www.ginger-burgeap.com\/en\/wp-json\/wp\/v2\/users\/1"}],"replies":[{"embeddable":true,"href":"https:\/\/www.ginger-burgeap.com\/en\/wp-json\/wp\/v2\/comments?post=3611"}],"version-history":[{"count":2,"href":"https:\/\/www.ginger-burgeap.com\/en\/wp-json\/wp\/v2\/pages\/3611\/revisions"}],"predecessor-version":[{"id":3613,"href":"https:\/\/www.ginger-burgeap.com\/en\/wp-json\/wp\/v2\/pages\/3611\/revisions\/3613"}],"up":[{"embeddable":true,"href":"https:\/\/www.ginger-burgeap.com\/en\/wp-json\/wp\/v2\/pages\/3440"}],"wp:attachment":[{"href":"https:\/\/www.ginger-burgeap.com\/en\/wp-json\/wp\/v2\/media?parent=3611"}],"curies":[{"name":"wp","href":"https:\/\/api.w.org\/{rel}","templated":true}]}}