{"id":3614,"date":"2019-04-18T12:26:01","date_gmt":"2019-04-18T10:26:01","guid":{"rendered":"https:\/\/www.burgeap.fr\/?page_id=3614"},"modified":"2019-08-28T17:58:25","modified_gmt":"2019-08-28T15:58:25","slug":"regulatory-files","status":"publish","type":"page","link":"https:\/\/www.ginger-burgeap.com\/en\/industrial-environment\/regulatory-files\/","title":{"rendered":"Regulatory files"},"content":{"rendered":"<div id=\"cs-content\" class=\"cs-content\"><\/div>\n","protected":false},"excerpt":{"rendered":"<p>&nbsp;HomeRegulatory fileS Our engineers specializing in ICPE regulations help you clarify your regulatory obligations and advise you in your dealings with the administration. To do so, we support you throughout the life cycle of a project: from design phase to implementation and operation. All of our files are clear, synthetic and focused on key issues. The illustrations under GIS make &#8230;<\/p>\n","protected":false},"author":1,"featured_media":0,"parent":3440,"menu_order":0,"comment_status":"closed","ping_status":"closed","template":"template-blank-4.php","meta":{"footnotes":""},"class_list":["post-3614","page","type-page","status-publish","hentry","no-post-thumbnail"],"acf":[],"yoast_head":"<!-- This site is optimized with the Yoast SEO Premium plugin v27.3 (Yoast SEO v27.4) - https:\/\/yoast.com\/product\/yoast-seo-premium-wordpress\/ -->\n<title>Regulatory files - Burgeap<\/title>\n<meta name=\"robots\" content=\"index, follow, max-snippet:-1, max-image-preview:large, max-video-preview:-1\" \/>\n<link rel=\"canonical\" href=\"https:\/\/www.ginger-burgeap.com\/en\/industrial-environment\/regulatory-files\/\" \/>\n<meta property=\"og:locale\" content=\"en_US\" \/>\n<meta property=\"og:type\" content=\"article\" \/>\n<meta property=\"og:title\" content=\"Regulatory files\" \/>\n<meta property=\"og:description\" content=\"&nbsp;HomeRegulatory fileS Our engineers specializing in ICPE regulations help you clarify your regulatory obligations and advise you in your dealings with the administration. To do so, we support you throughout the life cycle of a project: from design phase to implementation and operation. All of our files are clear, synthetic and focused on key issues. The illustrations under GIS make ...\" \/>\n<meta property=\"og:url\" content=\"https:\/\/www.ginger-burgeap.com\/en\/industrial-environment\/regulatory-files\/\" \/>\n<meta property=\"og:site_name\" content=\"Burgeap\" \/>\n<meta property=\"article:modified_time\" content=\"2019-08-28T15:58:25+00:00\" \/>\n<meta name=\"twitter:card\" content=\"summary_large_image\" \/>\n<meta name=\"twitter:label1\" content=\"Est. reading time\" \/>\n\t<meta name=\"twitter:data1\" content=\"1 minute\" \/>\n<script type=\"application\/ld+json\" class=\"yoast-schema-graph\">{\"@context\":\"https:\\\/\\\/schema.org\",\"@graph\":[{\"@type\":\"WebPage\",\"@id\":\"https:\\\/\\\/www.ginger-burgeap.com\\\/en\\\/industrial-environment\\\/regulatory-files\\\/\",\"url\":\"https:\\\/\\\/www.ginger-burgeap.com\\\/en\\\/industrial-environment\\\/regulatory-files\\\/\",\"name\":\"Regulatory files - Burgeap\",\"isPartOf\":{\"@id\":\"https:\\\/\\\/www.ginger-burgeap.com\\\/en\\\/#website\"},\"datePublished\":\"2019-04-18T10:26:01+00:00\",\"dateModified\":\"2019-08-28T15:58:25+00:00\",\"breadcrumb\":{\"@id\":\"https:\\\/\\\/www.ginger-burgeap.com\\\/en\\\/industrial-environment\\\/regulatory-files\\\/#breadcrumb\"},\"inLanguage\":\"en-US\",\"potentialAction\":[{\"@type\":\"ReadAction\",\"target\":[\"https:\\\/\\\/www.ginger-burgeap.com\\\/en\\\/industrial-environment\\\/regulatory-files\\\/\"]}]},{\"@type\":\"BreadcrumbList\",\"@id\":\"https:\\\/\\\/www.ginger-burgeap.com\\\/en\\\/industrial-environment\\\/regulatory-files\\\/#breadcrumb\",\"itemListElement\":[{\"@type\":\"ListItem\",\"position\":1,\"name\":\"Accueil\",\"item\":\"https:\\\/\\\/www.ginger-burgeap.com\\\/en\\\/\"},{\"@type\":\"ListItem\",\"position\":2,\"name\":\"Industrial Environment\",\"item\":\"https:\\\/\\\/www.ginger-burgeap.com\\\/en\\\/industrial-environment\\\/\"},{\"@type\":\"ListItem\",\"position\":3,\"name\":\"Regulatory files\"}]},{\"@type\":\"WebSite\",\"@id\":\"https:\\\/\\\/www.ginger-burgeap.com\\\/en\\\/#website\",\"url\":\"https:\\\/\\\/www.ginger-burgeap.com\\\/en\\\/\",\"name\":\"Burgeap\",\"description\":\"Bureau d&#039;\u00e9tudes sp\u00e9cialis\u00e9 en environnement\",\"potentialAction\":[{\"@type\":\"SearchAction\",\"target\":{\"@type\":\"EntryPoint\",\"urlTemplate\":\"https:\\\/\\\/www.ginger-burgeap.com\\\/en\\\/?s={search_term_string}\"},\"query-input\":{\"@type\":\"PropertyValueSpecification\",\"valueRequired\":true,\"valueName\":\"search_term_string\"}}],\"inLanguage\":\"en-US\"}]}<\/script>\n<!-- \/ Yoast SEO Premium plugin. -->","yoast_head_json":{"title":"Regulatory files - Burgeap","robots":{"index":"index","follow":"follow","max-snippet":"max-snippet:-1","max-image-preview":"max-image-preview:large","max-video-preview":"max-video-preview:-1"},"canonical":"https:\/\/www.ginger-burgeap.com\/en\/industrial-environment\/regulatory-files\/","og_locale":"en_US","og_type":"article","og_title":"Regulatory files","og_description":"&nbsp;HomeRegulatory fileS Our engineers specializing in ICPE regulations help you clarify your regulatory obligations and advise you in your dealings with the administration. To do so, we support you throughout the life cycle of a project: from design phase to implementation and operation. All of our files are clear, synthetic and focused on key issues. The illustrations under GIS make ...","og_url":"https:\/\/www.ginger-burgeap.com\/en\/industrial-environment\/regulatory-files\/","og_site_name":"Burgeap","article_modified_time":"2019-08-28T15:58:25+00:00","twitter_card":"summary_large_image","twitter_misc":{"Est. reading time":"1 minute"},"schema":{"@context":"https:\/\/schema.org","@graph":[{"@type":"WebPage","@id":"https:\/\/www.ginger-burgeap.com\/en\/industrial-environment\/regulatory-files\/","url":"https:\/\/www.ginger-burgeap.com\/en\/industrial-environment\/regulatory-files\/","name":"Regulatory files - Burgeap","isPartOf":{"@id":"https:\/\/www.ginger-burgeap.com\/en\/#website"},"datePublished":"2019-04-18T10:26:01+00:00","dateModified":"2019-08-28T15:58:25+00:00","breadcrumb":{"@id":"https:\/\/www.ginger-burgeap.com\/en\/industrial-environment\/regulatory-files\/#breadcrumb"},"inLanguage":"en-US","potentialAction":[{"@type":"ReadAction","target":["https:\/\/www.ginger-burgeap.com\/en\/industrial-environment\/regulatory-files\/"]}]},{"@type":"BreadcrumbList","@id":"https:\/\/www.ginger-burgeap.com\/en\/industrial-environment\/regulatory-files\/#breadcrumb","itemListElement":[{"@type":"ListItem","position":1,"name":"Accueil","item":"https:\/\/www.ginger-burgeap.com\/en\/"},{"@type":"ListItem","position":2,"name":"Industrial Environment","item":"https:\/\/www.ginger-burgeap.com\/en\/industrial-environment\/"},{"@type":"ListItem","position":3,"name":"Regulatory files"}]},{"@type":"WebSite","@id":"https:\/\/www.ginger-burgeap.com\/en\/#website","url":"https:\/\/www.ginger-burgeap.com\/en\/","name":"Burgeap","description":"Bureau d&#039;\u00e9tudes sp\u00e9cialis\u00e9 en environnement","potentialAction":[{"@type":"SearchAction","target":{"@type":"EntryPoint","urlTemplate":"https:\/\/www.ginger-burgeap.com\/en\/?s={search_term_string}"},"query-input":{"@type":"PropertyValueSpecification","valueRequired":true,"valueName":"search_term_string"}}],"inLanguage":"en-US"}]}},"_links":{"self":[{"href":"https:\/\/www.ginger-burgeap.com\/en\/wp-json\/wp\/v2\/pages\/3614","targetHints":{"allow":["GET"]}}],"collection":[{"href":"https:\/\/www.ginger-burgeap.com\/en\/wp-json\/wp\/v2\/pages"}],"about":[{"href":"https:\/\/www.ginger-burgeap.com\/en\/wp-json\/wp\/v2\/types\/page"}],"author":[{"embeddable":true,"href":"https:\/\/www.ginger-burgeap.com\/en\/wp-json\/wp\/v2\/users\/1"}],"replies":[{"embeddable":true,"href":"https:\/\/www.ginger-burgeap.com\/en\/wp-json\/wp\/v2\/comments?post=3614"}],"version-history":[{"count":3,"href":"https:\/\/www.ginger-burgeap.com\/en\/wp-json\/wp\/v2\/pages\/3614\/revisions"}],"predecessor-version":[{"id":3713,"href":"https:\/\/www.ginger-burgeap.com\/en\/wp-json\/wp\/v2\/pages\/3614\/revisions\/3713"}],"up":[{"embeddable":true,"href":"https:\/\/www.ginger-burgeap.com\/en\/wp-json\/wp\/v2\/pages\/3440"}],"wp:attachment":[{"href":"https:\/\/www.ginger-burgeap.com\/en\/wp-json\/wp\/v2\/media?parent=3614"}],"curies":[{"name":"wp","href":"https:\/\/api.w.org\/{rel}","templated":true}]}}