{"id":3625,"date":"2019-04-18T12:44:38","date_gmt":"2019-04-18T10:44:38","guid":{"rendered":"https:\/\/www.burgeap.fr\/?page_id=3625"},"modified":"2025-02-26T16:19:25","modified_gmt":"2025-02-26T15:19:25","slug":"consulting","status":"publish","type":"page","link":"https:\/\/www.ginger-burgeap.com\/en\/industrial-environment\/consulting\/","title":{"rendered":"Consulting"},"content":{"rendered":"<div id=\"cs-content\" class=\"cs-content\"><\/div>\n","protected":false},"excerpt":{"rendered":"<p>&nbsp;HomeL\u2019offre Conseil strat\u00e9gique \u00e9nergie et environnement de GINGER Retrouvez notre offre sur notre site internet d\u00e9di\u00e9 : https:\/\/www.stratem-consulting.com Notre raison d\u2019\u00eatre\u00a0: Accompagner nos clients, en France et \u00e0 l\u2019international, dans leurs \u00e9volutions strat\u00e9giques et leurs projets dans un monde confront\u00e9 aux enjeux de la transition \u00e9nerg\u00e9tique, aux contraintes induites par le changement climatique et \u00e0 la rar\u00e9faction des ressources et &#8230;<\/p>\n","protected":false},"author":1,"featured_media":0,"parent":3440,"menu_order":0,"comment_status":"closed","ping_status":"closed","template":"template-blank-4.php","meta":{"footnotes":""},"class_list":["post-3625","page","type-page","status-publish","hentry","no-post-thumbnail"],"acf":[],"yoast_head":"<!-- This site is optimized with the Yoast SEO Premium plugin v27.3 (Yoast SEO v27.5) - https:\/\/yoast.com\/product\/yoast-seo-premium-wordpress\/ -->\n<title>Consulting - Burgeap<\/title>\n<meta name=\"robots\" content=\"index, follow, max-snippet:-1, max-image-preview:large, max-video-preview:-1\" \/>\n<link rel=\"canonical\" href=\"https:\/\/www.ginger-burgeap.com\/en\/industrial-environment\/consulting\/\" \/>\n<meta property=\"og:locale\" content=\"en_US\" \/>\n<meta property=\"og:type\" content=\"article\" \/>\n<meta property=\"og:title\" content=\"Consulting\" \/>\n<meta property=\"og:description\" content=\"&nbsp;HomeL\u2019offre Conseil strat\u00e9gique \u00e9nergie et environnement de GINGER Retrouvez notre offre sur notre site internet d\u00e9di\u00e9 : https:\/\/www.stratem-consulting.com Notre raison d\u2019\u00eatre\u00a0: Accompagner nos clients, en France et \u00e0 l\u2019international, dans leurs \u00e9volutions strat\u00e9giques et leurs projets dans un monde confront\u00e9 aux enjeux de la transition \u00e9nerg\u00e9tique, aux contraintes induites par le changement climatique et \u00e0 la rar\u00e9faction des ressources et ...\" \/>\n<meta property=\"og:url\" content=\"https:\/\/www.ginger-burgeap.com\/en\/industrial-environment\/consulting\/\" \/>\n<meta property=\"og:site_name\" content=\"Burgeap\" \/>\n<meta property=\"article:modified_time\" content=\"2025-02-26T15:19:25+00:00\" \/>\n<meta property=\"og:image\" content=\"https:\/\/www.ginger-burgeap.com\/wp-content\/uploads\/2018\/11\/immobilier-industrie-energie.jpg\" \/>\n<meta name=\"twitter:card\" content=\"summary_large_image\" \/>\n<meta name=\"twitter:label1\" content=\"Est. reading time\" \/>\n\t<meta name=\"twitter:data1\" content=\"3 minutes\" \/>\n<script type=\"application\/ld+json\" class=\"yoast-schema-graph\">{\"@context\":\"https:\\\/\\\/schema.org\",\"@graph\":[{\"@type\":\"WebPage\",\"@id\":\"https:\\\/\\\/www.ginger-burgeap.com\\\/en\\\/industrial-environment\\\/consulting\\\/\",\"url\":\"https:\\\/\\\/www.ginger-burgeap.com\\\/en\\\/industrial-environment\\\/consulting\\\/\",\"name\":\"Consulting - Burgeap\",\"isPartOf\":{\"@id\":\"https:\\\/\\\/www.ginger-burgeap.com\\\/en\\\/#website\"},\"primaryImageOfPage\":{\"@id\":\"https:\\\/\\\/www.ginger-burgeap.com\\\/en\\\/industrial-environment\\\/consulting\\\/#primaryimage\"},\"image\":{\"@id\":\"https:\\\/\\\/www.ginger-burgeap.com\\\/en\\\/industrial-environment\\\/consulting\\\/#primaryimage\"},\"thumbnailUrl\":\"https:\\\/\\\/www.ginger-burgeap.com\\\/wp-content\\\/uploads\\\/2018\\\/11\\\/immobilier-industrie-energie.jpg\",\"datePublished\":\"2019-04-18T10:44:38+00:00\",\"dateModified\":\"2025-02-26T15:19:25+00:00\",\"breadcrumb\":{\"@id\":\"https:\\\/\\\/www.ginger-burgeap.com\\\/en\\\/industrial-environment\\\/consulting\\\/#breadcrumb\"},\"inLanguage\":\"en-US\",\"potentialAction\":[{\"@type\":\"ReadAction\",\"target\":[\"https:\\\/\\\/www.ginger-burgeap.com\\\/en\\\/industrial-environment\\\/consulting\\\/\"]}]},{\"@type\":\"ImageObject\",\"inLanguage\":\"en-US\",\"@id\":\"https:\\\/\\\/www.ginger-burgeap.com\\\/en\\\/industrial-environment\\\/consulting\\\/#primaryimage\",\"url\":\"https:\\\/\\\/www.ginger-burgeap.com\\\/wp-content\\\/uploads\\\/2018\\\/11\\\/immobilier-industrie-energie.jpg\",\"contentUrl\":\"https:\\\/\\\/www.ginger-burgeap.com\\\/wp-content\\\/uploads\\\/2018\\\/11\\\/immobilier-industrie-energie.jpg\"},{\"@type\":\"BreadcrumbList\",\"@id\":\"https:\\\/\\\/www.ginger-burgeap.com\\\/en\\\/industrial-environment\\\/consulting\\\/#breadcrumb\",\"itemListElement\":[{\"@type\":\"ListItem\",\"position\":1,\"name\":\"Accueil\",\"item\":\"https:\\\/\\\/www.ginger-burgeap.com\\\/en\\\/\"},{\"@type\":\"ListItem\",\"position\":2,\"name\":\"Industrial Environment\",\"item\":\"https:\\\/\\\/www.ginger-burgeap.com\\\/en\\\/industrial-environment\\\/\"},{\"@type\":\"ListItem\",\"position\":3,\"name\":\"Consulting\"}]},{\"@type\":\"WebSite\",\"@id\":\"https:\\\/\\\/www.ginger-burgeap.com\\\/en\\\/#website\",\"url\":\"https:\\\/\\\/www.ginger-burgeap.com\\\/en\\\/\",\"name\":\"Burgeap\",\"description\":\"Bureau d&#039;\u00e9tudes sp\u00e9cialis\u00e9 en environnement\",\"potentialAction\":[{\"@type\":\"SearchAction\",\"target\":{\"@type\":\"EntryPoint\",\"urlTemplate\":\"https:\\\/\\\/www.ginger-burgeap.com\\\/en\\\/?s={search_term_string}\"},\"query-input\":{\"@type\":\"PropertyValueSpecification\",\"valueRequired\":true,\"valueName\":\"search_term_string\"}}],\"inLanguage\":\"en-US\"}]}<\/script>\n<!-- \/ Yoast SEO Premium plugin. -->","yoast_head_json":{"title":"Consulting - Burgeap","robots":{"index":"index","follow":"follow","max-snippet":"max-snippet:-1","max-image-preview":"max-image-preview:large","max-video-preview":"max-video-preview:-1"},"canonical":"https:\/\/www.ginger-burgeap.com\/en\/industrial-environment\/consulting\/","og_locale":"en_US","og_type":"article","og_title":"Consulting","og_description":"&nbsp;HomeL\u2019offre Conseil strat\u00e9gique \u00e9nergie et environnement de GINGER Retrouvez notre offre sur notre site internet d\u00e9di\u00e9 : https:\/\/www.stratem-consulting.com Notre raison d\u2019\u00eatre\u00a0: Accompagner nos clients, en France et \u00e0 l\u2019international, dans leurs \u00e9volutions strat\u00e9giques et leurs projets dans un monde confront\u00e9 aux enjeux de la transition \u00e9nerg\u00e9tique, aux contraintes induites par le changement climatique et \u00e0 la rar\u00e9faction des ressources et ...","og_url":"https:\/\/www.ginger-burgeap.com\/en\/industrial-environment\/consulting\/","og_site_name":"Burgeap","article_modified_time":"2025-02-26T15:19:25+00:00","og_image":[{"url":"https:\/\/www.ginger-burgeap.com\/wp-content\/uploads\/2018\/11\/immobilier-industrie-energie.jpg","type":"","width":"","height":""}],"twitter_card":"summary_large_image","twitter_misc":{"Est. reading time":"3 minutes"},"schema":{"@context":"https:\/\/schema.org","@graph":[{"@type":"WebPage","@id":"https:\/\/www.ginger-burgeap.com\/en\/industrial-environment\/consulting\/","url":"https:\/\/www.ginger-burgeap.com\/en\/industrial-environment\/consulting\/","name":"Consulting - Burgeap","isPartOf":{"@id":"https:\/\/www.ginger-burgeap.com\/en\/#website"},"primaryImageOfPage":{"@id":"https:\/\/www.ginger-burgeap.com\/en\/industrial-environment\/consulting\/#primaryimage"},"image":{"@id":"https:\/\/www.ginger-burgeap.com\/en\/industrial-environment\/consulting\/#primaryimage"},"thumbnailUrl":"https:\/\/www.ginger-burgeap.com\/wp-content\/uploads\/2018\/11\/immobilier-industrie-energie.jpg","datePublished":"2019-04-18T10:44:38+00:00","dateModified":"2025-02-26T15:19:25+00:00","breadcrumb":{"@id":"https:\/\/www.ginger-burgeap.com\/en\/industrial-environment\/consulting\/#breadcrumb"},"inLanguage":"en-US","potentialAction":[{"@type":"ReadAction","target":["https:\/\/www.ginger-burgeap.com\/en\/industrial-environment\/consulting\/"]}]},{"@type":"ImageObject","inLanguage":"en-US","@id":"https:\/\/www.ginger-burgeap.com\/en\/industrial-environment\/consulting\/#primaryimage","url":"https:\/\/www.ginger-burgeap.com\/wp-content\/uploads\/2018\/11\/immobilier-industrie-energie.jpg","contentUrl":"https:\/\/www.ginger-burgeap.com\/wp-content\/uploads\/2018\/11\/immobilier-industrie-energie.jpg"},{"@type":"BreadcrumbList","@id":"https:\/\/www.ginger-burgeap.com\/en\/industrial-environment\/consulting\/#breadcrumb","itemListElement":[{"@type":"ListItem","position":1,"name":"Accueil","item":"https:\/\/www.ginger-burgeap.com\/en\/"},{"@type":"ListItem","position":2,"name":"Industrial Environment","item":"https:\/\/www.ginger-burgeap.com\/en\/industrial-environment\/"},{"@type":"ListItem","position":3,"name":"Consulting"}]},{"@type":"WebSite","@id":"https:\/\/www.ginger-burgeap.com\/en\/#website","url":"https:\/\/www.ginger-burgeap.com\/en\/","name":"Burgeap","description":"Bureau d&#039;\u00e9tudes sp\u00e9cialis\u00e9 en environnement","potentialAction":[{"@type":"SearchAction","target":{"@type":"EntryPoint","urlTemplate":"https:\/\/www.ginger-burgeap.com\/en\/?s={search_term_string}"},"query-input":{"@type":"PropertyValueSpecification","valueRequired":true,"valueName":"search_term_string"}}],"inLanguage":"en-US"}]}},"_links":{"self":[{"href":"https:\/\/www.ginger-burgeap.com\/en\/wp-json\/wp\/v2\/pages\/3625","targetHints":{"allow":["GET"]}}],"collection":[{"href":"https:\/\/www.ginger-burgeap.com\/en\/wp-json\/wp\/v2\/pages"}],"about":[{"href":"https:\/\/www.ginger-burgeap.com\/en\/wp-json\/wp\/v2\/types\/page"}],"author":[{"embeddable":true,"href":"https:\/\/www.ginger-burgeap.com\/en\/wp-json\/wp\/v2\/users\/1"}],"replies":[{"embeddable":true,"href":"https:\/\/www.ginger-burgeap.com\/en\/wp-json\/wp\/v2\/comments?post=3625"}],"version-history":[{"count":3,"href":"https:\/\/www.ginger-burgeap.com\/en\/wp-json\/wp\/v2\/pages\/3625\/revisions"}],"predecessor-version":[{"id":6006,"href":"https:\/\/www.ginger-burgeap.com\/en\/wp-json\/wp\/v2\/pages\/3625\/revisions\/6006"}],"up":[{"embeddable":true,"href":"https:\/\/www.ginger-burgeap.com\/en\/wp-json\/wp\/v2\/pages\/3440"}],"wp:attachment":[{"href":"https:\/\/www.ginger-burgeap.com\/en\/wp-json\/wp\/v2\/media?parent=3625"}],"curies":[{"name":"wp","href":"https:\/\/api.w.org\/{rel}","templated":true}]}}