{"id":3675,"date":"2019-04-24T16:49:31","date_gmt":"2019-04-24T14:49:31","guid":{"rendered":"https:\/\/www.burgeap.fr\/?page_id=3675"},"modified":"2019-04-24T18:08:54","modified_gmt":"2019-04-24T16:08:54","slug":"our-labels","status":"publish","type":"page","link":"https:\/\/www.ginger-burgeap.com\/en\/la-societe\/our-labels\/","title":{"rendered":"Our labels"},"content":{"rendered":"<div id=\"cs-content\" class=\"cs-content\"><\/div>\n","protected":false},"excerpt":{"rendered":"<p>Our labels HomeBURGEAP&rsquo;s certifications ISO9001BURGEAP has been certified to ISO 9001:2015 for over ten years. LNE NFX31-620BURGEAP has been certified to the LNE&rsquo;s standard for contaminated sites and soil service providers, in line with NF X31-620. Following an audit by an independent organism, this certification guarantees that BURGEAP has perfect command of these types of services thanks to our focus &#8230;<\/p>\n","protected":false},"author":1,"featured_media":0,"parent":3483,"menu_order":0,"comment_status":"closed","ping_status":"closed","template":"template-blank-4.php","meta":{"footnotes":""},"class_list":["post-3675","page","type-page","status-publish","hentry","no-post-thumbnail"],"acf":[],"yoast_head":"<!-- This site is optimized with the Yoast SEO Premium plugin v27.3 (Yoast SEO v27.5) - https:\/\/yoast.com\/product\/yoast-seo-premium-wordpress\/ -->\n<title>Our labels - Burgeap<\/title>\n<meta name=\"robots\" content=\"index, follow, max-snippet:-1, max-image-preview:large, max-video-preview:-1\" \/>\n<link rel=\"canonical\" href=\"https:\/\/www.ginger-burgeap.com\/en\/la-societe\/our-labels\/\" \/>\n<meta property=\"og:locale\" content=\"en_US\" \/>\n<meta property=\"og:type\" content=\"article\" \/>\n<meta property=\"og:title\" content=\"Our labels\" \/>\n<meta property=\"og:description\" content=\"Our labels HomeBURGEAP&rsquo;s certifications ISO9001BURGEAP has been certified to ISO 9001:2015 for over ten years. LNE NFX31-620BURGEAP has been certified to the LNE&rsquo;s standard for contaminated sites and soil service providers, in line with NF X31-620. Following an audit by an independent organism, this certification guarantees that BURGEAP has perfect command of these types of services thanks to our focus ...\" \/>\n<meta property=\"og:url\" content=\"https:\/\/www.ginger-burgeap.com\/en\/la-societe\/our-labels\/\" \/>\n<meta property=\"og:site_name\" content=\"Burgeap\" \/>\n<meta property=\"article:modified_time\" content=\"2019-04-24T16:08:54+00:00\" \/>\n<meta name=\"twitter:card\" content=\"summary_large_image\" \/>\n<meta name=\"twitter:label1\" content=\"Est. reading time\" \/>\n\t<meta name=\"twitter:data1\" content=\"1 minute\" \/>\n<script type=\"application\/ld+json\" class=\"yoast-schema-graph\">{\"@context\":\"https:\\\/\\\/schema.org\",\"@graph\":[{\"@type\":\"WebPage\",\"@id\":\"https:\\\/\\\/www.ginger-burgeap.com\\\/en\\\/la-societe\\\/our-labels\\\/\",\"url\":\"https:\\\/\\\/www.ginger-burgeap.com\\\/en\\\/la-societe\\\/our-labels\\\/\",\"name\":\"Our labels - Burgeap\",\"isPartOf\":{\"@id\":\"https:\\\/\\\/www.ginger-burgeap.com\\\/en\\\/#website\"},\"datePublished\":\"2019-04-24T14:49:31+00:00\",\"dateModified\":\"2019-04-24T16:08:54+00:00\",\"breadcrumb\":{\"@id\":\"https:\\\/\\\/www.ginger-burgeap.com\\\/en\\\/la-societe\\\/our-labels\\\/#breadcrumb\"},\"inLanguage\":\"en-US\",\"potentialAction\":[{\"@type\":\"ReadAction\",\"target\":[\"https:\\\/\\\/www.ginger-burgeap.com\\\/en\\\/la-societe\\\/our-labels\\\/\"]}]},{\"@type\":\"BreadcrumbList\",\"@id\":\"https:\\\/\\\/www.ginger-burgeap.com\\\/en\\\/la-societe\\\/our-labels\\\/#breadcrumb\",\"itemListElement\":[{\"@type\":\"ListItem\",\"position\":1,\"name\":\"Accueil\",\"item\":\"https:\\\/\\\/www.ginger-burgeap.com\\\/en\\\/\"},{\"@type\":\"ListItem\",\"position\":2,\"name\":\"COMPANY\",\"item\":\"https:\\\/\\\/www.ginger-burgeap.com\\\/en\\\/la-societe\\\/\"},{\"@type\":\"ListItem\",\"position\":3,\"name\":\"Our labels\"}]},{\"@type\":\"WebSite\",\"@id\":\"https:\\\/\\\/www.ginger-burgeap.com\\\/en\\\/#website\",\"url\":\"https:\\\/\\\/www.ginger-burgeap.com\\\/en\\\/\",\"name\":\"Burgeap\",\"description\":\"Bureau d&#039;\u00e9tudes sp\u00e9cialis\u00e9 en environnement\",\"potentialAction\":[{\"@type\":\"SearchAction\",\"target\":{\"@type\":\"EntryPoint\",\"urlTemplate\":\"https:\\\/\\\/www.ginger-burgeap.com\\\/en\\\/?s={search_term_string}\"},\"query-input\":{\"@type\":\"PropertyValueSpecification\",\"valueRequired\":true,\"valueName\":\"search_term_string\"}}],\"inLanguage\":\"en-US\"}]}<\/script>\n<!-- \/ Yoast SEO Premium plugin. -->","yoast_head_json":{"title":"Our labels - Burgeap","robots":{"index":"index","follow":"follow","max-snippet":"max-snippet:-1","max-image-preview":"max-image-preview:large","max-video-preview":"max-video-preview:-1"},"canonical":"https:\/\/www.ginger-burgeap.com\/en\/la-societe\/our-labels\/","og_locale":"en_US","og_type":"article","og_title":"Our labels","og_description":"Our labels HomeBURGEAP&rsquo;s certifications ISO9001BURGEAP has been certified to ISO 9001:2015 for over ten years. LNE NFX31-620BURGEAP has been certified to the LNE&rsquo;s standard for contaminated sites and soil service providers, in line with NF X31-620. Following an audit by an independent organism, this certification guarantees that BURGEAP has perfect command of these types of services thanks to our focus ...","og_url":"https:\/\/www.ginger-burgeap.com\/en\/la-societe\/our-labels\/","og_site_name":"Burgeap","article_modified_time":"2019-04-24T16:08:54+00:00","twitter_card":"summary_large_image","twitter_misc":{"Est. reading time":"1 minute"},"schema":{"@context":"https:\/\/schema.org","@graph":[{"@type":"WebPage","@id":"https:\/\/www.ginger-burgeap.com\/en\/la-societe\/our-labels\/","url":"https:\/\/www.ginger-burgeap.com\/en\/la-societe\/our-labels\/","name":"Our labels - Burgeap","isPartOf":{"@id":"https:\/\/www.ginger-burgeap.com\/en\/#website"},"datePublished":"2019-04-24T14:49:31+00:00","dateModified":"2019-04-24T16:08:54+00:00","breadcrumb":{"@id":"https:\/\/www.ginger-burgeap.com\/en\/la-societe\/our-labels\/#breadcrumb"},"inLanguage":"en-US","potentialAction":[{"@type":"ReadAction","target":["https:\/\/www.ginger-burgeap.com\/en\/la-societe\/our-labels\/"]}]},{"@type":"BreadcrumbList","@id":"https:\/\/www.ginger-burgeap.com\/en\/la-societe\/our-labels\/#breadcrumb","itemListElement":[{"@type":"ListItem","position":1,"name":"Accueil","item":"https:\/\/www.ginger-burgeap.com\/en\/"},{"@type":"ListItem","position":2,"name":"COMPANY","item":"https:\/\/www.ginger-burgeap.com\/en\/la-societe\/"},{"@type":"ListItem","position":3,"name":"Our labels"}]},{"@type":"WebSite","@id":"https:\/\/www.ginger-burgeap.com\/en\/#website","url":"https:\/\/www.ginger-burgeap.com\/en\/","name":"Burgeap","description":"Bureau d&#039;\u00e9tudes sp\u00e9cialis\u00e9 en environnement","potentialAction":[{"@type":"SearchAction","target":{"@type":"EntryPoint","urlTemplate":"https:\/\/www.ginger-burgeap.com\/en\/?s={search_term_string}"},"query-input":{"@type":"PropertyValueSpecification","valueRequired":true,"valueName":"search_term_string"}}],"inLanguage":"en-US"}]}},"_links":{"self":[{"href":"https:\/\/www.ginger-burgeap.com\/en\/wp-json\/wp\/v2\/pages\/3675","targetHints":{"allow":["GET"]}}],"collection":[{"href":"https:\/\/www.ginger-burgeap.com\/en\/wp-json\/wp\/v2\/pages"}],"about":[{"href":"https:\/\/www.ginger-burgeap.com\/en\/wp-json\/wp\/v2\/types\/page"}],"author":[{"embeddable":true,"href":"https:\/\/www.ginger-burgeap.com\/en\/wp-json\/wp\/v2\/users\/1"}],"replies":[{"embeddable":true,"href":"https:\/\/www.ginger-burgeap.com\/en\/wp-json\/wp\/v2\/comments?post=3675"}],"version-history":[{"count":2,"href":"https:\/\/www.ginger-burgeap.com\/en\/wp-json\/wp\/v2\/pages\/3675\/revisions"}],"predecessor-version":[{"id":3677,"href":"https:\/\/www.ginger-burgeap.com\/en\/wp-json\/wp\/v2\/pages\/3675\/revisions\/3677"}],"up":[{"embeddable":true,"href":"https:\/\/www.ginger-burgeap.com\/en\/wp-json\/wp\/v2\/pages\/3483"}],"wp:attachment":[{"href":"https:\/\/www.ginger-burgeap.com\/en\/wp-json\/wp\/v2\/media?parent=3675"}],"curies":[{"name":"wp","href":"https:\/\/api.w.org\/{rel}","templated":true}]}}